{"id":1180,"date":"2018-02-05T14:45:17","date_gmt":"2018-02-05T12:45:17","guid":{"rendered":"http:\/\/bauverein-ketteler.de\/_wp2014\/?page_id=1180"},"modified":"2020-01-29T10:28:44","modified_gmt":"2020-01-29T08:28:44","slug":"bauen","status":"publish","type":"page","link":"https:\/\/bauverein-ketteler.de\/_wp2014\/bauen\/","title":{"rendered":"Bauen"},"content":{"rendered":"<p><img loading=\"lazy\" decoding=\"async\" width=\"800\" height=\"450\" class=\"aligncenter size-full wp-image-1296\" alt=\"Bauverein Ketteler Familie im Wohnzimmer\" src=\"https:\/\/bauverein-ketteler.de\/_wp2014\/wp-content\/uploads\/2018\/06\/Bauverein-Ketteler-Wohnzimmer.jpg\" srcset=\"https:\/\/bauverein-ketteler.de\/_wp2014\/wp-content\/uploads\/2018\/06\/Bauverein-Ketteler-Wohnzimmer.jpg 800w, https:\/\/bauverein-ketteler.de\/_wp2014\/wp-content\/uploads\/2018\/06\/Bauverein-Ketteler-Wohnzimmer-670x377.jpg 670w\" sizes=\"auto, (max-width: 800px) 100vw, 800px\" \/><\/p>\n<h2>Wohnraum schaffen. Gemeinsam.<\/h2>\n<p>M\u00fcnster w\u00e4chst. Wie kann der Wohnungsmarkt Schritt halten? Wir sehen uns als Bauverein in der Verantwortung, neuen Wohnraum zu erschlie\u00dfen und bestehenden zukunftsf\u00e4hig zu erhalten.<\/p>\n<p>F\u00fcr neue Wohn- und Immobilienkonzepte sind wir offen und regen den \u00f6ffentlichen Diskurs f\u00fcr technische und \u00f6kologisch getriebene Entwicklungen an.<\/p>\n<p>Wir pflegen Netzwerke und sind f\u00fcr Investoren ein zuverl\u00e4ssiger Partner. Denn gemeinsam wollen wir eine der wichtigsten Zukunftsfragen beantworten: wie wir in M\u00fcnster k\u00fcnftig wohnen.<\/p>\n","protected":false},"excerpt":{"rendered":"<p>Wohnraum schaffen. Gemeinsam. M\u00fcnster w\u00e4chst. Wie kann der Wohnungsmarkt Schritt halten? Wir sehen uns als Bauverein in der &hellip; <\/p>\n<p><a href=\"https:\/\/bauverein-ketteler.de\/_wp2014\/bauen\/\" class=\"more-link\"><span class=\"morelink-icon\">Weiterlesen<\/span><\/a><\/p>\n","protected":false},"author":1,"featured_media":0,"parent":0,"menu_order":0,"comment_status":"closed","ping_status":"closed","template":"","meta":{"footnotes":""},"class_list":["post-1180","page","type-page","status-publish","hentry"],"_links":{"self":[{"href":"https:\/\/bauverein-ketteler.de\/_wp2014\/wp-json\/wp\/v2\/pages\/1180","targetHints":{"allow":["GET"]}}],"collection":[{"href":"https:\/\/bauverein-ketteler.de\/_wp2014\/wp-json\/wp\/v2\/pages"}],"about":[{"href":"https:\/\/bauverein-ketteler.de\/_wp2014\/wp-json\/wp\/v2\/types\/page"}],"author":[{"embeddable":true,"href":"https:\/\/bauverein-ketteler.de\/_wp2014\/wp-json\/wp\/v2\/users\/1"}],"replies":[{"embeddable":true,"href":"https:\/\/bauverein-ketteler.de\/_wp2014\/wp-json\/wp\/v2\/comments?post=1180"}],"version-history":[{"count":5,"href":"https:\/\/bauverein-ketteler.de\/_wp2014\/wp-json\/wp\/v2\/pages\/1180\/revisions"}],"predecessor-version":[{"id":2014,"href":"https:\/\/bauverein-ketteler.de\/_wp2014\/wp-json\/wp\/v2\/pages\/1180\/revisions\/2014"}],"wp:attachment":[{"href":"https:\/\/bauverein-ketteler.de\/_wp2014\/wp-json\/wp\/v2\/media?parent=1180"}],"curies":[{"name":"wp","href":"https:\/\/api.w.org\/{rel}","templated":true}]}}