{"id":1182,"date":"2018-02-05T14:46:45","date_gmt":"2018-02-05T12:46:45","guid":{"rendered":"http:\/\/bauverein-ketteler.de\/_wp2014\/?page_id=1182"},"modified":"2022-07-21T10:57:00","modified_gmt":"2022-07-21T08:57:00","slug":"suche","status":"publish","type":"page","link":"https:\/\/bauverein-ketteler.de\/_wp2014\/suche\/","title":{"rendered":"Suche"},"content":{"rendered":"\n<h2 class=\"wp-block-heading\">Guter Grund zum Wohnen<\/h2>\n\n\n\n<p>Wir suchen H\u00e4user und Grundst\u00fccke der \u00f6ffentlichen Hand oder privater Eigent\u00fcmer. Wenn Sie einen zuverl\u00e4ssigen, langj\u00e4hrig erfahrenen Partner suchen und die Idee der Genossenschaft unterst\u00fctzen wollen, nehmen Sie <a href=\"https:\/\/bauverein-ketteler.de\/_wp2014\/ansprechpartner-2\/\">Kontakt<\/a> zur Bauverein Ketteler eG auf.<\/p>\n\n\n\n<p>Wir freuen uns auf ein Gespr\u00e4ch.<\/p>\n","protected":false},"excerpt":{"rendered":"<p>Guter Grund zum Wohnen Wir suchen H\u00e4user und Grundst\u00fccke der \u00f6ffentlichen Hand oder privater Eigent\u00fcmer. Wenn Sie einen &hellip; <\/p>\n<p><a href=\"https:\/\/bauverein-ketteler.de\/_wp2014\/suche\/\" class=\"more-link\"><span class=\"morelink-icon\">Weiterlesen<\/span><\/a><\/p>\n","protected":false},"author":1,"featured_media":0,"parent":0,"menu_order":0,"comment_status":"closed","ping_status":"closed","template":"","meta":{"footnotes":""},"class_list":["post-1182","page","type-page","status-publish","hentry"],"_links":{"self":[{"href":"https:\/\/bauverein-ketteler.de\/_wp2014\/wp-json\/wp\/v2\/pages\/1182","targetHints":{"allow":["GET"]}}],"collection":[{"href":"https:\/\/bauverein-ketteler.de\/_wp2014\/wp-json\/wp\/v2\/pages"}],"about":[{"href":"https:\/\/bauverein-ketteler.de\/_wp2014\/wp-json\/wp\/v2\/types\/page"}],"author":[{"embeddable":true,"href":"https:\/\/bauverein-ketteler.de\/_wp2014\/wp-json\/wp\/v2\/users\/1"}],"replies":[{"embeddable":true,"href":"https:\/\/bauverein-ketteler.de\/_wp2014\/wp-json\/wp\/v2\/comments?post=1182"}],"version-history":[{"count":2,"href":"https:\/\/bauverein-ketteler.de\/_wp2014\/wp-json\/wp\/v2\/pages\/1182\/revisions"}],"predecessor-version":[{"id":2622,"href":"https:\/\/bauverein-ketteler.de\/_wp2014\/wp-json\/wp\/v2\/pages\/1182\/revisions\/2622"}],"wp:attachment":[{"href":"https:\/\/bauverein-ketteler.de\/_wp2014\/wp-json\/wp\/v2\/media?parent=1182"}],"curies":[{"name":"wp","href":"https:\/\/api.w.org\/{rel}","templated":true}]}}