{"id":1188,"date":"2018-02-05T14:59:16","date_gmt":"2018-02-05T12:59:16","guid":{"rendered":"http:\/\/bauverein-ketteler.de\/_wp2014\/?page_id=1188"},"modified":"2022-07-21T10:39:20","modified_gmt":"2022-07-21T08:39:20","slug":"der-genossenschaftsgedanke","status":"publish","type":"page","link":"https:\/\/bauverein-ketteler.de\/_wp2014\/der-genossenschaftsgedanke\/","title":{"rendered":"Der Genossenschaftsgedanke"},"content":{"rendered":"<div class=\"wp-block-image\">\n<figure class=\"aligncenter\"><img loading=\"lazy\" decoding=\"async\" width=\"800\" height=\"450\" src=\"https:\/\/bauverein-ketteler.de\/_wp2014\/wp-content\/uploads\/2018\/06\/Bauverein-Ketteler-Kaffeetafel.jpg\" alt=\"Bauverein Ketteler Familie im Garten\" class=\"wp-image-1293\" srcset=\"https:\/\/bauverein-ketteler.de\/_wp2014\/wp-content\/uploads\/2018\/06\/Bauverein-Ketteler-Kaffeetafel.jpg 800w, https:\/\/bauverein-ketteler.de\/_wp2014\/wp-content\/uploads\/2018\/06\/Bauverein-Ketteler-Kaffeetafel-670x377.jpg 670w\" sizes=\"auto, (max-width: 800px) 100vw, 800px\" \/><\/figure>\n<\/div>\n\n\n<h2 class=\"wp-block-heading\">Warum Sie als Mieter auch Mitglied sind<\/h2>\n\n\n\n<p>Genossenschaft mag angestaubt klingen, tats\u00e4chlich ist das Modell aber hochaktuell. Vor kurzem wurde der Genossenschaftsgedanke von der Unesco-Kommission <a href=\"https:\/\/bauverein-ketteler.de\/_wp2014\/die-genossenschaftsidee-wurde-weltweit-gewuerdigt-wir-sind-kulturerbe\/\">ausgezeichnet<\/a>. Die Bauverein Ketteler eG ist von Beginn an als Genossenschaft organisiert. Unser satzungsgem\u00e4\u00dfer Zweck ist die F\u00f6rderung unserer Mitglieder, vorrangig durch eine gute, sichere und sozial verantwortbare Wohnungsversorgung. Was aber macht das Genossenschaftsprinzip genau aus?<\/p>\n\n\n\n<h2 class=\"wp-block-heading\">Werden Sie Mitglied in unserer Genossenschaft<\/h2>\n\n\n\n<p>Zun\u00e4chst einmal werden Sie bei uns in der Bauverein Ketteler eG nicht einfach Mieter\/in, sondern Mitglied. Das hei\u00dft, Sie erwerben bei der Anmietung einen Gesch\u00e4ftsanteil von 600 Euro (<u><a href=\"https:\/\/bauverein-ketteler.de\/_wp2014\/fragen-antworten\/\">mehr Infos dazu hier<\/a>)<\/u>. Damit haben Sie Stimmrecht und k\u00f6nnen den Aufsichtsrat w\u00e4hlen, \u00fcber die Verteilung des Bilanzgewinne mitbestimmen und vieles mehr. Der Nutzer wird also zum Miteigent\u00fcmer \u2013 f\u00fcr uns die beste Voraussetzung, Wohnungen langfristig fair, sozial sicher und in guter Qualit\u00e4t zu bieten.<\/p>\n\n\n\n<p>Falls Sie Fragen zum Genossenschaftsprinzip bei uns haben, <a href=\"https:\/\/bauverein-ketteler.de\/_wp2014\/ansprechpartner-2\/\">sind wir gerne f\u00fcr Sie da<\/a>.<\/p>\n","protected":false},"excerpt":{"rendered":"<p>Warum Sie als Mieter auch Mitglied sind Genossenschaft mag angestaubt klingen, tats\u00e4chlich ist das Modell aber hochaktuell. Vor &hellip; <\/p>\n<p><a href=\"https:\/\/bauverein-ketteler.de\/_wp2014\/der-genossenschaftsgedanke\/\" class=\"more-link\"><span class=\"morelink-icon\">Weiterlesen<\/span><\/a><\/p>\n","protected":false},"author":1,"featured_media":0,"parent":0,"menu_order":0,"comment_status":"closed","ping_status":"closed","template":"","meta":{"footnotes":""},"class_list":["post-1188","page","type-page","status-publish","hentry"],"_links":{"self":[{"href":"https:\/\/bauverein-ketteler.de\/_wp2014\/wp-json\/wp\/v2\/pages\/1188","targetHints":{"allow":["GET"]}}],"collection":[{"href":"https:\/\/bauverein-ketteler.de\/_wp2014\/wp-json\/wp\/v2\/pages"}],"about":[{"href":"https:\/\/bauverein-ketteler.de\/_wp2014\/wp-json\/wp\/v2\/types\/page"}],"author":[{"embeddable":true,"href":"https:\/\/bauverein-ketteler.de\/_wp2014\/wp-json\/wp\/v2\/users\/1"}],"replies":[{"embeddable":true,"href":"https:\/\/bauverein-ketteler.de\/_wp2014\/wp-json\/wp\/v2\/comments?post=1188"}],"version-history":[{"count":7,"href":"https:\/\/bauverein-ketteler.de\/_wp2014\/wp-json\/wp\/v2\/pages\/1188\/revisions"}],"predecessor-version":[{"id":2614,"href":"https:\/\/bauverein-ketteler.de\/_wp2014\/wp-json\/wp\/v2\/pages\/1188\/revisions\/2614"}],"wp:attachment":[{"href":"https:\/\/bauverein-ketteler.de\/_wp2014\/wp-json\/wp\/v2\/media?parent=1188"}],"curies":[{"name":"wp","href":"https:\/\/api.w.org\/{rel}","templated":true}]}}