{"id":162,"date":"2015-06-18T15:51:58","date_gmt":"2015-06-18T13:51:58","guid":{"rendered":"http:\/\/bauverein-ketteler.de\/_wp2014\/?page_id=162"},"modified":"2022-07-21T10:51:28","modified_gmt":"2022-07-21T08:51:28","slug":"wegbeschreibung","status":"publish","type":"page","link":"https:\/\/bauverein-ketteler.de\/_wp2014\/wegbeschreibung\/","title":{"rendered":"Wegbeschreibung"},"content":{"rendered":"\n<h2 class=\"wp-block-heading\">Mit dem Auto:<\/h2>\n\n\n\n<p>Vom Autobahnkreuz M\u00fcnster-S\u00fcd kommend, fahren Sie direkt auf die Weseler Stra\u00dfe bis zur ersten gro\u00dfen Kreuzung (Sparkasse M\u00fcnsterland Ost schr\u00e4g links gegen\u00fcber). An dieser Kreuzung fahren Sie rechts in den Inselbogen und SOFORT wieder rechts in den Kappenberger Damm.<\/p>\n\n\n\n<p>Unsere Gesch\u00e4ftsstelle befindet sich&nbsp;dann auf der rechten Seite kurz nach dem Fu\u00dfg\u00e4nger\u00fcberweg (Zebrastreifen) und hinter der Einfahrt zur Franz-Hitze-Stra\u00dfe (B\u00fcrogeb\u00e4ude liegt etwas zur\u00fcck, bitte achten Sie auf das Schild).<\/p>\n\n\n\n<h2 class=\"wp-block-heading\">Mit dem Bus:<\/h2>\n\n\n\n<p>Die Linien 15 und 16 der Stadtwerke M\u00fcnster halten jeweils an der Weseler Stra\u00dfe (Haltestelle Inselbogen). Sie brauchen jetzt nur noch \u00fcber die Weseler Stra\u00dfe zu gehen und an der kleinen Sparkassen-Filiale rechts in den Kappenberger Damm einzubiegen. Nach ca. 500 m auf dem Kappenberger Damm erreichen Sie unser B\u00fcrogeb\u00e4ude.<\/p>\n\n\n\n<p>Der Bus Nr. 4 h\u00e4lt direkt auf dem Kappenberger Damm (Haltestelle Inselbogen). Wenn Sie aus dem Bus aussteigen, halten Sie sich links, nach ca. 300 m erreichen&nbsp;Sie unser B\u00fcrogeb\u00e4ude.<\/p>\n\n\n\n<p>Wann die jeweiligen Busse abfahren, k\u00f6nnen sie in der <a href=\"https:\/\/www.stadtwerke-muenster.de\/privatkunden\/mobilitaet\/fahrplaninfos\/fahrplanauskunft\/fahrplanauskunft.html?efa-date=&amp;itdDateDayMonthYear=&amp;itdTime=&amp;nameInfo_destination=&amp;nameInfo_origin=&amp;name_destination=&amp;name_origin=&amp;std3_suggestMacro=std3_suggest&amp;type_destination=&amp;type_origin=&amp;cHash=345943c03e2fc948d2d15231001a88d6\" target=\"_blank\" rel=\"noreferrer noopener\">Fahrplanauskunft der Stadtwerke M\u00fcnster im Netz<\/a>\u00a0ausfindig machen.<\/p>\n\n\n\n<p><iframe loading=\"lazy\" style=\"border: 0;\" src=\"https:\/\/www.google.com\/maps\/embed?pb=!1m18!1m12!1m3!1d2459.80010952209!2d7.608602199999999!3d51.9375995!2m3!1f0!2f0!3f0!3m2!1i1024!2i768!4f13.1!3m3!1m2!1s0x47b9a549d2ac184d%3A0x97a8247e6deb3160!2sKappenberger+Damm+58D%2C+48151+M%C3%BCnster!5e0!3m2!1sen!2sde!4v1434635430267\" width=\"600\" height=\"450\" frameborder=\"0\"><\/iframe><\/p>\n","protected":false},"excerpt":{"rendered":"<p>Mit dem Auto: Vom Autobahnkreuz M\u00fcnster-S\u00fcd kommend, fahren Sie direkt auf die Weseler Stra\u00dfe bis zur ersten gro\u00dfen &hellip; <\/p>\n<p><a href=\"https:\/\/bauverein-ketteler.de\/_wp2014\/wegbeschreibung\/\" class=\"more-link\"><span class=\"morelink-icon\">Weiterlesen<\/span><\/a><\/p>\n","protected":false},"author":1,"featured_media":0,"parent":0,"menu_order":0,"comment_status":"closed","ping_status":"closed","template":"","meta":{"footnotes":""},"class_list":["post-162","page","type-page","status-publish","hentry"],"_links":{"self":[{"href":"https:\/\/bauverein-ketteler.de\/_wp2014\/wp-json\/wp\/v2\/pages\/162","targetHints":{"allow":["GET"]}}],"collection":[{"href":"https:\/\/bauverein-ketteler.de\/_wp2014\/wp-json\/wp\/v2\/pages"}],"about":[{"href":"https:\/\/bauverein-ketteler.de\/_wp2014\/wp-json\/wp\/v2\/types\/page"}],"author":[{"embeddable":true,"href":"https:\/\/bauverein-ketteler.de\/_wp2014\/wp-json\/wp\/v2\/users\/1"}],"replies":[{"embeddable":true,"href":"https:\/\/bauverein-ketteler.de\/_wp2014\/wp-json\/wp\/v2\/comments?post=162"}],"version-history":[{"count":12,"href":"https:\/\/bauverein-ketteler.de\/_wp2014\/wp-json\/wp\/v2\/pages\/162\/revisions"}],"predecessor-version":[{"id":2621,"href":"https:\/\/bauverein-ketteler.de\/_wp2014\/wp-json\/wp\/v2\/pages\/162\/revisions\/2621"}],"wp:attachment":[{"href":"https:\/\/bauverein-ketteler.de\/_wp2014\/wp-json\/wp\/v2\/media?parent=162"}],"curies":[{"name":"wp","href":"https:\/\/api.w.org\/{rel}","templated":true}]}}