{"id":170,"date":"2015-06-18T15:57:47","date_gmt":"2015-06-18T13:57:47","guid":{"rendered":"http:\/\/bauverein-ketteler.de\/_wp2014\/?page_id=170"},"modified":"2025-07-28T09:54:14","modified_gmt":"2025-07-28T07:54:14","slug":"notfalltelefon","status":"publish","type":"page","link":"https:\/\/bauverein-ketteler.de\/_wp2014\/notfalltelefon\/","title":{"rendered":"Notfalltelefon"},"content":{"rendered":"\n<p>Bedenken Sie bitte, dass alle Eins\u00e4tze an Wochenenden, Feiertagen und nach Gesch\u00e4ftsschluss mit erheblichen Preisaufschl\u00e4gen belegt werden. Aus diesen Gr\u00fcnden bitten wir Sie, wirklich nur im akuten Notfall die Notfallnummern zu nutzen.<\/p>\n\n\n\n<p class=\"has-black-color has-light-red-background-color has-text-color has-background\"><span style=\"color: #d34a40;\"><strong>W\u00e4hrend unserer Sprechzeiten nehmen unsere Mitarbeiter jeden Schaden auf und veranlassen das Notwendige.<\/strong><\/span><\/p>\n\n\n\n<p>Tritt der Schaden au\u00dferhalb unserer Sprechzeiten auf und stellt sich als Notfall heraus, wenden Sie sich bitte an die jeweils zust\u00e4ndige Firma.<\/p>\n\n\n\n<p><strong>Beispiele f\u00fcr Notf\u00e4lle:<\/strong><\/p>\n\n\n\n<ul class=\"wp-block-list\">\n<li>Ausfall der Heizungsanlage;<\/li>\n\n\n\n<li>kompletter Stromausfall;<\/li>\n\n\n\n<li>Rohrbruch;<\/li>\n\n\n\n<li>Verstopfung der Abwasserleitungen im WC.<\/li>\n<\/ul>\n\n\n\n<p><strong>Beispiele f\u00fcr Notf\u00e4lle:<\/strong><\/p>\n\n\n\n<ul class=\"wp-block-list\">\n<li>Ausfall der Heizungsanlage;<\/li>\n\n\n\n<li>kompletter Stromausfall;<\/li>\n\n\n\n<li>Rohrbruch;<\/li>\n\n\n\n<li>Verstopfung der Abwasserleitungen im WC.<\/li>\n\n\n\n<li>Wasserhahn tropft;<\/li>\n\n\n\n<li>Wasser in der Badewanne oder im Waschbecken flie\u00dft nicht einwandfrei ab;<\/li>\n\n\n\n<li>Undichte Fenster;<\/li>\n\n\n\n<li>Wohnungseingangst\u00fcr oder Zimmert\u00fcr klemmt.<\/li>\n\n\n\n<li>Wasserhahn tropft;<\/li>\n\n\n\n<li>Wasser in der Badewanne oder im Waschbecken flie\u00dft nicht einwandfrei ab;<\/li>\n\n\n\n<li>Undichte Fenster;<\/li>\n\n\n\n<li>Wohnungseingangst\u00fcr oder Zimmert\u00fcr klemmt.<\/li>\n<\/ul>\n\n\n\n<h3 class=\"wp-block-heading\"><span style=\"color: #9fb73b;\">Notfallnummern:<\/span><\/h3>\n\n\n\n<p>Sollte bei der entsprechenden Firma ein Anrufbeantworter laufen (au\u00dferhalb der Arbeitszeiten oder am Wochenende), h\u00f6ren Sie sich die Ansage bitte bis zum Schluss an. Am Ende der Nachricht wird eine Notrufnummer eines Handwerkers durchgegeben, an den Sie sich dann wenden k\u00f6nnen.<\/p>\n\n\n\n<h2 class=\"wp-block-heading\"><span style=\"color: #d34a40;\">Bei Gasgeruch<\/span><\/h2>\n\n\n\n<ul class=\"wp-block-list has-light-red-background-color has-background\">\n<li>Alle Flammen \/ offene Feuer \/ Zigaretten sofort l\u00f6schen<\/li>\n\n\n\n<li>Bet\u00e4tigen Sie <strong>keine <\/strong>elektrischen Schalter \/ Klingeln (weder in der Wohnung noch im Treppenhaus)<\/li>\n\n\n\n<li>Benutzen Sie keinesfalls das Festnetz- oder Mobiltelefon im Geb\u00e4ude<\/li>\n\n\n\n<li>\u00d6ffnen Sie Fenster und T\u00fcren, um f\u00fcr Durchzug zu sorgen<\/li>\n\n\n\n<li>Schlie\u00dfen Sie die Gashauptsperreinrichtung<\/li>\n\n\n\n<li>Warnen\/Informieren Sie alle \u00fcbrigen Hausbewohner (Ausschl. durch klopfen an der Wohnungst\u00fcr)<\/li>\n\n\n\n<li>Verst\u00e4ndigen Sie <strong>au\u00dferhalb <\/strong>des Geb\u00e4udes die St\u00f6rstelle der Stadtwerke unter <strong>(0251) 69 41 52 2<\/strong> und halten Sie Ihre pers\u00f6nlichen Daten und die ihre Telefonnummer bereit. <\/li>\n\n\n\n<li>In dringenden F\u00e4llen informieren Sie bitte umgehend die Feuerwehr \/ Polizei \u00fcber die entsprechende Notrufnummer. <\/li>\n\n\n\n<li>Warten Sie <strong>au\u00dferhalb <\/strong>des Geb\u00e4udes auf die entsprechenden Einsatzkr\u00e4fte. <\/li>\n<\/ul>\n\n\n\n<h2 class=\"wp-block-heading\">Rohrverstopfung:<\/h2>\n\n\n\n<p class=\"has-regular-font-size\">RRM-Rohrreinigung Miller<br>(02 51) 77 87 88 <\/p>\n\n\n\n<h2 class=\"wp-block-heading\">Kabelst\u00f6rung (TV \/ Internet \/ Telefon)<\/h2>\n\n\n\n<p class=\"has-regular-font-size\">Bitte wenden Sie sich im Falle einer Telefon-, TV- oder Internet-St\u00f6rung direkt an Ihren pers\u00f6nlichen Anbieter (Vodafone, Telekom, Ionos, etc.). <\/p>\n\n\n\n<h2 class=\"wp-block-heading\">Stromausfall \/ Problem Gas\/Wasser:<\/h2>\n\n\n\n<p>Entst\u00f6rungsdienst der Stadtwerke<br>(bei vollst\u00e4ndigem&nbsp;Stromausfall im Haus)<br>Gas \/ Wasser: (02 51) 694 1522<br>Strom: (02 51) 694 1422<\/p>\n\n\n\n<h2 class=\"wp-block-heading\">Schl\u00fcsseldienst:<\/h2>\n\n\n\n<p>Firma Sandmann<br>(02 51) 77 50 05<br>(02 51) 79 78 98<\/p>\n\n\n\n<p class=\"has-light-red-background-color has-background\">Sie als Mieter bekommen Sonderkondition (Mieterkosten!) im Falle eines Schl\u00fcsseldienst-Einsatzes &#8211; Bitte teilen Sie der Firma Sandmann mit, dass Sie Mieter\/Mieterin bei der Bauverein Ketteler eG sind!<\/p>\n\n\n\n<h1 class=\"wp-block-heading\">Notdienste f\u00fcr Heizung, Sanit\u00e4r und  Elektro:<\/h1>\n\n\n\n<p>F\u00fcr unsere H\u00e4user gibt es unterschiedliche Notdienst-Firmen. Bitte entnehmen Sie aus der unten stehenden Liste (ABC) die richtige Notdienst-Firma:<\/p>\n\n\n\n<h2 class=\"wp-block-heading\">Averkampstr. 4<\/h2>\n\n\n\n<p><strong>Heizung &amp; Sanit\u00e4r<\/strong><br>Volmering &amp; Maciejewski GmbH<br>(02 51) 21 81 14<br><strong>Elektro:<\/strong><br>Keller &amp; Deusch<br>(0 25 33) 12 51<\/p>\n\n\n\n<h2 class=\"wp-block-heading\">Allensteiner Str. 16, 18, 20, 58<\/h2>\n\n\n\n<p><strong>Heizung &amp; Sanit\u00e4r<\/strong><br>Volmering &amp; Maciejewski GmbH<br>(02 51) 21 81 14<br><strong>Elektro:<\/strong><br>Keller &amp; Deusch<br>(0 25 33) 12 51<\/p>\n\n\n\n<h2 class=\"wp-block-heading\">Dahlweg 88, 90<\/h2>\n\n\n\n<p><strong>Heizung &amp; Sanit\u00e4r<\/strong><br>Volmering &amp; Maciejewski GmbH<br>(02 51) 21 81 14<br><strong>Elektro:<\/strong><br>Keller &amp; Deusch<br>(0 25 33) 12 51<\/p>\n\n\n\n<h2 class=\"wp-block-heading\">Davertstr. 86, 88, 90<\/h2>\n\n\n\n<p><strong>Sanit\u00e4r &amp; Heizung:<\/strong><br>Matschke Haustechnik<br>(0 25 01) 5 99 96 0<br><strong>Elektro:<\/strong><br>Keller &amp; Deusch<br>(0 25 33) 12 51<\/p>\n\n\n\n<h2 class=\"wp-block-heading\">Dreizehnerstr. 5, 7, 9, 11, 13, 15, 17, 19, 21, 23, 25, 27, 29, 31, 33, 35, 37, 39, 41<\/h2>\n\n\n\n<p><strong>Sanit\u00e4r &amp; Heizung:<\/strong><br>B\u00e4umer Heizung &amp; Sanit\u00e4r GmbH &amp; Co. KG<br>(0 25 52) 1365<br><strong>Elektro:<\/strong><br>Hermann Vortkamp<br>(02552) 15 01<br>(0151) 14 94 38 76<\/p>\n\n\n\n<h2 class=\"wp-block-heading\">Emdener Str. 15, 17, 19, 21, 23, 25, 27, 29<\/h2>\n\n\n\n<p><strong>Heizung &amp; Sanit\u00e4r<\/strong><br>Volmering &amp; Maciejewski GmbH<br>(02 51) 21 81 14<br><strong>Elektro:<\/strong><br>Keller &amp; Deusch<br>(0 25 33) 12 51<\/p>\n\n\n\n<h2 class=\"wp-block-heading\">Franz-Hitze-Str. 3<\/h2>\n\n\n\n<p><strong>Sanit\u00e4r &amp; Heizung:<\/strong><br>Firma Menzel<br>(0 25 57) 9 38 00<br>(01 72) 2 80 14 10<br><strong>Elektro:&nbsp;<\/strong><br>Elektrotechnik Schwarzer<br>(02 51) 14 137 0<br><strong>Tiefgaragen Rolltor: <\/strong>Jackson GmbH<br>(0173) 61 60 43 0<\/p>\n\n\n\n<h2 class=\"wp-block-heading\">Franz-Hitze-Str. 4, 6, 8, 9, 10, 11, 13, 21<\/h2>\n\n\n\n<p><strong>Heizung &amp; Sanit\u00e4r:<\/strong><br>Volmering &amp; Maciejewski GmbH<br>(02 51) 21 81 14<br><strong>Elektro: <\/strong>Keller &amp; Deusch<br>(0 25 33) 12 51<\/p>\n\n\n\n<h2 class=\"wp-block-heading\">Franz-Hitze-Str. 14, 16, 18, 19, 22, 23<\/h2>\n\n\n\n<p><strong>Heizung &amp; Sanit\u00e4r:<\/strong><br>Matschke Haustechnik<br>(0 25 01) 5 99 96 0<br><strong>Elektro: <\/strong>Keller &amp; Deusch<br>(0 25 33) 12 51<\/p>\n\n\n\n<h2 class=\"wp-block-heading\">Friedrich-Ebert-Str. 165, 167, 169, 171<\/h2>\n\n\n\n<p><strong>Sanit\u00e4r:&nbsp;<\/strong><br>Volmering &amp; Maciejewski GmbH<br>(02 51) 21 81 14<br><strong>Elektro: <\/strong>Keller &amp; Deusch<br>(0 25 33) 12 51<\/p>\n\n\n\n<h2 class=\"wp-block-heading\">Gartenstr. 74, 76, 78, 80, 82<\/h2>\n\n\n\n<p><strong>Sanit\u00e4r:<\/strong><br>Firma Volmering &amp; Maciejewski GmbH<br>(02 51) 21 81 14<br><strong>Elektro: <\/strong>Keller &amp; Deusch<br>(0 25 33) 12 51<\/p>\n\n\n\n<h2 class=\"wp-block-heading\">Gasselstiege 198, 200<\/h2>\n\n\n\n<p><strong>Sanit\u00e4r &amp; Heizung:<\/strong><br>Firma Volmering &amp; Maciejewski GmbH<br>Telefon: (02 51) 21 81 14<br><strong>Elektro:<\/strong><br>Keller &amp; Deusch<br>(0 25 33) 12 51<\/p>\n\n\n\n<h2 class=\"wp-block-heading\">Hubertistr. 28, 30<\/h2>\n\n\n\n<p><strong>Sanit\u00e4r:&nbsp;<\/strong><br>Firma Volmering &amp; Maciejewski GmbH<br>Telefon: (02 51) 21 81 14<br><strong>Elektro:<\/strong><br>Keller &amp; Deusch<br>(0 25 33) 12 51<\/p>\n\n\n\n<h2 class=\"wp-block-heading\">Hubertistr. 34<\/h2>\n\n\n\n<p><strong>Sanit\u00e4r &amp; Heizung<\/strong>:<br>Firma Volmering &amp; Maciejewski GmbH<br>Telefon: (02 51) 21 81 14<br><strong>Elektro:<\/strong><br>Keller &amp; Deusch<br>(0 25 33) 12 51<\/p>\n\n\n\n<h2 class=\"wp-block-heading\">Kappenberger Damm 8, 10, 12, 12 a, 48, 50, 58a und 58b<\/h2>\n\n\n\n<p><strong>Sanit\u00e4r &amp; Heizung<\/strong><br>Matschke Haustechnik<br>(0 25 01) 5 99 96 0<br><strong>Elektro:&nbsp;<\/strong><br>Keller &amp; Deusch<br>(0 25 33) 12 51<\/p>\n\n\n\n<h2 class=\"wp-block-heading\">Kappenberger Damm 58 d, 60, 62<\/h2>\n\n\n\n<p><strong>Sanit\u00e4r &amp; Heizung:&nbsp;<\/strong><br>Firma Volmering &amp; Maciejewski GmbH<br>Telefon: (02 51) 21 81 14<br><strong>Elektro: <\/strong>Keller &amp; Deusch<br>(0 25 33) 12 51<\/p>\n\n\n\n<h2 class=\"wp-block-heading\">Kappenberger Damm 54, 58<\/h2>\n\n\n\n<p><strong>Sanit\u00e4r &amp; Heizung:<\/strong><br>Firma Menzel<br>(0 25 57) 9 38 00<br>(01 72) 2 80 14 10<br><strong>Elektro:&nbsp;<\/strong><br>Elektrotechnik Schwarzer<br>(02 51) 14 137 0<br><strong>Tiefgaragen Rolltor:<\/strong><br>Jackson GmbH<br>(0173) 61 60 43 0<\/p>\n\n\n\n<h2 class=\"wp-block-heading\">Ketteler Str. 64, 66<\/h2>\n\n\n\n<p><strong>Heizung &amp; Sanit\u00e4r:<\/strong><br>Firma Volmering &amp; Maciejewski GmbH<br>Telefon: (02 51) 21 81 14<br><strong>Elektro:<\/strong><br>Keller &amp; Deusch<br>(0 25 33) 12 51<\/p>\n\n\n\n<h2 class=\"wp-block-heading\">Koburger Weg 1, 3, 5<\/h2>\n\n\n\n<p><strong>Sanit\u00e4r &amp; Heizung:&nbsp;<\/strong><br>Firma Volmering &amp; Maciejewski GmbH<br>Telefon: (02 51) 21 81 14<br><strong>Elektro:<\/strong><br>Keller &amp; Deusch<br>(0 25 33) 12 51<\/p>\n\n\n\n<h2 class=\"wp-block-heading\">Leerer Str. 7, 9, 11<\/h2>\n\n\n\n<p><strong>Sanit\u00e4r &amp; Heizung:&nbsp;<\/strong><br>Firma Volmering &amp; Maciejewski GmbH<br>Telefon: (02 51) 21 81 14<br><strong>Elektro:<\/strong><br>Keller &amp; Deusch<br>(0 25 33) 12 51<\/p>\n\n\n\n<h2 class=\"wp-block-heading\">R\u00fcpingstr. 3, 4, 7, 8, 9, 10, 11, 12, 15, 17, 16, 18<\/h2>\n\n\n\n<p><strong>Sanit\u00e4r &amp; Heizung:&nbsp;<\/strong><br>Firma Volmering &amp; Maciejewski GmbH<br>Telefon: (02 51) 21 81 14<br><strong>Elektro:<\/strong><br>Keller &amp; Deusch<br>(0 25 33) 12 51<\/p>\n\n\n\n<h2 class=\"wp-block-heading\">R\u00fcpingstr. 14, 14a, 16a, 16b<\/h2>\n\n\n\n<p><strong>Sanit\u00e4r &amp; Heizung:<\/strong><br>Matschke Haustechnik<br>(0 25 01) 5 99 96 0<br><strong>Elektro:<\/strong><br>Keller &amp; Deusch<br>(0 25 33) 12 51<\/p>\n\n\n\n<h2 class=\"wp-block-heading\">Schillerstr. 157, 159, 161<\/h2>\n\n\n\n<p><strong>Sanit\u00e4r &amp; Heizung:<\/strong><br>Firma Volmering &amp; Maciejewski GmbH<br>Telefon: (02 51) 21 81 14<br><strong>Elektro: <\/strong>Keller &amp; Deusch<br>(0 25 33) 12 51<\/p>\n\n\n\n<h2 class=\"wp-block-heading\">Weseler Str. 263, 265, 267, 285, 291, 293, 297, 299, 303 und 305<\/h2>\n\n\n\n<p><strong>Sanit\u00e4r &amp; Heizung<\/strong><br>Matschke Haustechnik<br>(0 25 01) 5 99 96 0<br><strong>Elektro<\/strong><br>Keller &amp; Deusch<br>(0 25 33) 12 51<\/p>\n\n\n\n<h2 class=\"wp-block-heading\">Weseler Str. 283<\/h2>\n\n\n\n<p><strong>Sanit\u00e4r &amp; Heizung:&nbsp;<\/strong><br>Firma Volmering &amp; Maciejewski GmbH<br>Telefon: (02 51) 21 81 14<br><strong>Elektro: <\/strong>Keller &amp; Deusch<br>(0 25 33) 12 51<\/p>\n\n\n\n<h2 class=\"wp-block-heading\">Wolbecker Str. 93, 93 a, 95<\/h2>\n\n\n\n<p><strong>Sanit\u00e4r &amp; Heizung:<\/strong><br>Firma Volmering &amp; Maciejewski GmbH<br>Telefon: (02 51) 21 81 14<br><strong>Elektro:<\/strong><br>Keller &amp; Deusch<br>(0 25 33) 12 51<\/p>\n\n\n\n<h2 class=\"wp-block-heading\">York Ring 7, 9, 11, 13, 19<\/h2>\n\n\n\n<p><strong>Sanit\u00e4r &amp; Heizung:<\/strong><br>Firma Volmering &amp; Maciejewski GmbH<br>Telefon: (02 51) 21 81 14<br><strong>Elektro:<\/strong><br>Keller &amp; Deusch<br>(0 25 33) 12 51<\/p>\n","protected":false},"excerpt":{"rendered":"<p>Bedenken Sie bitte, dass alle Eins\u00e4tze an Wochenenden, Feiertagen und nach Gesch\u00e4ftsschluss mit erheblichen Preisaufschl\u00e4gen belegt werden. Aus &hellip; <\/p>\n<p><a href=\"https:\/\/bauverein-ketteler.de\/_wp2014\/notfalltelefon\/\" class=\"more-link\"><span class=\"morelink-icon\">Weiterlesen<\/span><\/a><\/p>\n","protected":false},"author":1,"featured_media":0,"parent":0,"menu_order":0,"comment_status":"closed","ping_status":"closed","template":"","meta":{"footnotes":""},"class_list":["post-170","page","type-page","status-publish","hentry"],"_links":{"self":[{"href":"https:\/\/bauverein-ketteler.de\/_wp2014\/wp-json\/wp\/v2\/pages\/170","targetHints":{"allow":["GET"]}}],"collection":[{"href":"https:\/\/bauverein-ketteler.de\/_wp2014\/wp-json\/wp\/v2\/pages"}],"about":[{"href":"https:\/\/bauverein-ketteler.de\/_wp2014\/wp-json\/wp\/v2\/types\/page"}],"author":[{"embeddable":true,"href":"https:\/\/bauverein-ketteler.de\/_wp2014\/wp-json\/wp\/v2\/users\/1"}],"replies":[{"embeddable":true,"href":"https:\/\/bauverein-ketteler.de\/_wp2014\/wp-json\/wp\/v2\/comments?post=170"}],"version-history":[{"count":93,"href":"https:\/\/bauverein-ketteler.de\/_wp2014\/wp-json\/wp\/v2\/pages\/170\/revisions"}],"predecessor-version":[{"id":3011,"href":"https:\/\/bauverein-ketteler.de\/_wp2014\/wp-json\/wp\/v2\/pages\/170\/revisions\/3011"}],"wp:attachment":[{"href":"https:\/\/bauverein-ketteler.de\/_wp2014\/wp-json\/wp\/v2\/media?parent=170"}],"curies":[{"name":"wp","href":"https:\/\/api.w.org\/{rel}","templated":true}]}}