{"id":1743,"date":"2019-05-03T11:49:01","date_gmt":"2019-05-03T09:49:01","guid":{"rendered":"https:\/\/bauverein-ketteler.de\/_wp2014\/?page_id=1743"},"modified":"2022-07-21T09:57:53","modified_gmt":"2022-07-21T07:57:53","slug":"strassenverzeichnis","status":"publish","type":"page","link":"https:\/\/bauverein-ketteler.de\/_wp2014\/strassenverzeichnis\/","title":{"rendered":"Stra\u00dfenverzeichnis \/ Wohnungen der Bauverein Ketteler eG"},"content":{"rendered":"\n<figure class=\"wp-block-image\"><img loading=\"lazy\" decoding=\"async\" width=\"1024\" height=\"249\" src=\"https:\/\/bauverein-ketteler.de\/_wp2014\/wp-content\/uploads\/2015\/03\/strassenverz_neu-1024x249.jpg\" alt=\"\" class=\"wp-image-895\" srcset=\"https:\/\/bauverein-ketteler.de\/_wp2014\/wp-content\/uploads\/2015\/03\/strassenverz_neu.jpg 1024w, https:\/\/bauverein-ketteler.de\/_wp2014\/wp-content\/uploads\/2015\/03\/strassenverz_neu-670x163.jpg 670w\" sizes=\"auto, (max-width: 1024px) 100vw, 1024px\" \/><\/figure>\n\n\n\n<p>Mit dem Stra\u00dfenverzeichnis bekommen Sie eine \u00dcbersicht, wo in M\u00fcnster unsere Wohnungen zu finden sind. \u00dcber den Link (hier Google Maps) k\u00f6nnen Sie im Stadtplan direkt sehen, wo sich die einzelnen H\u00e4user befinden. <\/p>\n\n\n\n<p>F\u00fcr R\u00fcckfragen steht Ihnen unser Team gerne zur Verf\u00fcgung. Sie suchen eine Wohnung in M\u00fcnster? <a href=\"https:\/\/bauverein-ketteler.de\/bewerberbogen\/\" target=\"_blank\" rel=\"noreferrer noopener\">Hier finden Sie unseren Fragebogen f\u00fcr Wohnungsinteressenten<\/a>. <\/p>\n\n\n\n<p><strong>M\u00fcnster-Nord:&nbsp;<\/strong><br> Dreizehnerstr. 5, 7, 9, 11, 13, 15, 17, 19, 21, 23, 25, 27, 29, 31, 33, 35, 37, 39, 41 (<a href=\"https:\/\/www.google.de\/maps\/place\/Dreizehnerstra%C3%9Fe+5,+48159+M%C3%BCnster\/@51.9835767,7.6088307,17z\/data=!4m5!3m4!1s0x47b9ba88db6ad3b1:0x235568acfef8819a!8m2!3d51.9835767!4d7.6110194\" target=\"_blank\" rel=\"noreferrer noopener\">Google Maps<\/a>)<br> Gasselstiege 198, 200 (<a href=\"https:\/\/www.google.de\/maps\/place\/Gasselstiege+198,+48159+M%C3%BCnster\/@51.9833955,7.6041173,17z\/data=!3m1!4b1!4m5!3m4!1s0x47b9ba8673a1653f:0xf1c750de87f2cdd9!8m2!3d51.9833955!4d7.606306\" target=\"_blank\" rel=\"noreferrer noopener\">Google Maps<\/a>)<br> Koburger Weg 1, 3, 5 (<a href=\"https:\/\/www.google.de\/maps\/place\/Koburger+Weg+1,+48159+M%C3%BCnster\/@51.9744236,7.6075457,17z\/data=!3m1!4b1!4m5!3m4!1s0x47b9ba91041d678d:0x4073484dbf6bf58!8m2!3d51.9744236!4d7.6097344\" target=\"_blank\" rel=\"noreferrer noopener\">Google Maps<\/a>)<br> York-Ring 7, 9, 11, 13, 19 (<a href=\"https:\/\/www.google.de\/maps\/place\/York-Ring+13,+48159+M%C3%BCnster\/@51.9742998,7.6066425,17z\/data=!3m1!4b1!4m5!3m4!1s0x47b9ba90fc88a84f:0x37ead3a5580d30fb!8m2!3d51.9742998!4d7.6088312\" target=\"_blank\" rel=\"noreferrer noopener\">Google Maps<\/a>)<\/p>\n\n\n\n<p><strong>M\u00fcnster-Hansaviertel:<\/strong><br> Emdener Str. 15, 17, 19, 21, 23, 25, 27, 29 (<a href=\"https:\/\/www.google.de\/maps\/place\/Emdener+Str.+15,+48155+M%C3%BCnster\/@51.95472,7.6409513,17z\/data=!3m1!4b1!4m5!3m4!1s0x47b9bb27e8f266bb:0x2d32edeb5c644567!8m2!3d51.95472!4d7.64314\" target=\"_blank\" rel=\"noreferrer noopener\">Google Maps<\/a>)<br> Hubertistr. 28, 30, 34 (<a href=\"https:\/\/www.google.de\/maps\/place\/Hubertistra%C3%9Fe+28,+48155+M%C3%BCnster\/@51.9526814,7.6472917,17z\/data=!3m1!4b1!4m5!3m4!1s0x47b9bb2f43aecefb:0x22688fa3b6b64a08!8m2!3d51.9526814!4d7.6494804\" target=\"_blank\" rel=\"noreferrer noopener\">Google Maps<\/a>)<br> Leerer Str. 7, 9, 11 (<a href=\"https:\/\/www.google.de\/maps\/place\/Leerer+Str.+7,+48155+M%C3%BCnster\/@51.9544963,7.6402,17z\/data=!3m1!4b1!4m5!3m4!1s0x47b9bb27fadf82d1:0xf9ecb54f82b81228!8m2!3d51.9544963!4d7.6423887\" target=\"_blank\" rel=\"noreferrer noopener\">Google Maps<\/a>)<br> Schillerstr. 157, 159, 161 (<a href=\"https:\/\/www.google.de\/maps\/place\/Schillerstra%C3%9Fe+157,+48155+M%C3%BCnster\/@51.952374,7.6467989,17z\/data=!3m1!4b1!4m5!3m4!1s0x47b9bb2f47a87421:0x6b14b645b710dac2!8m2!3d51.952374!4d7.6489876\" target=\"_blank\" rel=\"noreferrer noopener\">Google Maps<\/a>)<br> Wolbecker Str. 93, 93a, 95 (<a href=\"https:\/\/www.google.de\/maps\/place\/Wolbecker+Str.+95,+48155+M%C3%BCnster\/@51.9556813,7.6431767,17z\/data=!3m1!4b1!4m5!3m4!1s0x47b9bb27b2d21efb:0xec56df710ec75a50!8m2!3d51.9556813!4d7.6453654\" target=\"_blank\" rel=\"noreferrer noopener\">Google Maps<\/a>)<\/p>\n\n\n\n<p><strong>M\u00fcnster-S\u00fcd:<\/strong><br> Averkampstr. 4 (<a href=\"https:\/\/www.google.de\/maps\/place\/Averkampstra%C3%9Fe+4,+48151+M%C3%BCnster\/@51.9526533,7.6098515,17z\/data=!3m1!4b1!4m5!3m4!1s0x47b9bab63829f909:0x4827a0f626d03b76!8m2!3d51.9526533!4d7.6120402\" target=\"_blank\" rel=\"noreferrer noopener\">Google Maps<\/a>)<br> Dahlweg 88, 90 (<a href=\"https:\/\/www.google.de\/maps\/place\/Dahlweg+88,+48153+M%C3%BCnster\/@51.9428809,7.6249888,17z\/data=!4m5!3m4!1s0x47b9a52d179c970f:0xde17bc445ee090e!8m2!3d51.9428809!4d7.6271775\" target=\"_blank\" rel=\"noreferrer noopener\">Google Maps<\/a>)<br> Franz-Hitze-Str. 3, 4, 6, 8, 9, 10, 11, 13, 14, 16, 18, 19, 21, 22, 23 (<a href=\"https:\/\/www.google.de\/maps\/place\/Franz-Hitze-Stra%C3%9Fe+4,+48151+M%C3%BCnster\/@51.9378,7.6074013,17z\/data=!3m1!4b1!4m5!3m4!1s0x47b9a5362a17da07:0x2b4c654f27ecb98a!8m2!3d51.9378!4d7.60959\" target=\"_blank\" rel=\"noreferrer noopener\">Google Maps<\/a>)<br> Friedrich-Ebert-Str. 165, 167, 169, 171 (<a href=\"https:\/\/www.google.de\/maps\/place\/Friedrich-Ebert-Stra%C3%9Fe+165,+48153+M%C3%BCnster\/@51.9428935,7.624649,17z\/data=!3m1!4b1!4m5!3m4!1s0x47b9a52d167c56cf:0x9a9986a79355a7ec!8m2!3d51.9428935!4d7.6268377\" target=\"_blank\" rel=\"noreferrer noopener\">Google Maps<\/a>)<br> Kappenberger Damm 8, 10, 12, 12 a, 48, 50, 54, 58, 58a, 58b, 58d, 60, 62 (<a href=\"https:\/\/www.google.de\/maps\/place\/Kappenberger+Damm+48,+48151+M%C3%BCnster\/@51.93818,7.6072513,17z\/data=!3m1!4b1!4m5!3m4!1s0x47b9a549d788fe99:0xe952673fcd366b02!8m2!3d51.93818!4d7.60944\" target=\"_blank\" rel=\"noreferrer noopener\">Google Maps<\/a>)<br> R\u00fcpingstr. 3, 4, 7, 8, 9, 10, 11, 12, 14, 14a, 15, 16, 16a, 16b, 17, 18 (<a href=\"https:\/\/www.google.de\/maps\/place\/R%C3%BCpingstra%C3%9Fe+3,+48151+M%C3%BCnster\/@51.9379634,7.6060784,17z\/data=!3m1!4b1!4m5!3m4!1s0x47b9a549ceae9d23:0x9cc0329219cdb0d1!8m2!3d51.9379634!4d7.6082671\" target=\"_blank\" rel=\"noreferrer noopener\">Google Maps<\/a>)<br> Weseler Str. 263, 265, 267, 283, 285, 291, 293, 297, 299, 303, 305 (<a href=\"https:\/\/www.google.de\/maps\/place\/Weseler+Str.+283,+48151+M%C3%BCnster\/@51.93879,7.6056013,17z\/data=!3m1!4b1!4m5!3m4!1s0x47b9a549bef8c36f:0x7a26deadd043cdd6!8m2!3d51.93879!4d7.60779\" target=\"_blank\" rel=\"noreferrer noopener\">Google Maps<\/a>)<\/p>\n\n\n\n<p><strong>M\u00fcnster-Kreuzviertel:<\/strong><br> Gartenstr. 74, 76, 78, 80, 82 (<a href=\"https:\/\/www.google.de\/maps\/place\/Gartenstra%C3%9Fe+74,+48147+M%C3%BCnster\/@51.97112,7.6335913,17z\/data=!3m1!4b1!4m5!3m4!1s0x47b9bae5cd4293d5:0x84fba885181e6c18!8m2!3d51.97112!4d7.63578\" target=\"_blank\" rel=\"noreferrer noopener\">Google Maps<\/a>)<br> Ketteler Str. 64, 66 (<a href=\"https:\/\/www.google.de\/maps\/place\/Kettelerstra%C3%9Fe+64,+48147+M%C3%BCnster\/@51.97211,7.6286713,17z\/data=!3m1!4b1!4m5!3m4!1s0x47b9baef156923df:0x996c242009b93e4b!8m2!3d51.97211!4d7.63086\" target=\"_blank\" rel=\"noreferrer noopener\">Google Maps<\/a>)<br> <strong>M\u00fcnster-Coerde:<\/strong><br> Allensteiner Str. 58, 16, 18, 20 (<a href=\"https:\/\/www.google.de\/maps\/place\/Allensteiner+Str.+16,+48157+M%C3%BCnster\/@51.99471,7.6528913,17z\/data=!3m1!4b1!4m5!3m4!1s0x47b9bbad6c312e59:0x3487e709754885c5!8m2!3d51.99471!4d7.65508\" target=\"_blank\" rel=\"noreferrer noopener\">Google Maps<\/a>)<br> <strong>M\u00fcnster-Amelsb\u00fcren:<\/strong><br> Davertstr. 86, 88, 90 (<a href=\"https:\/\/www.google.de\/maps\/place\/Davertstra%C3%9Fe+88,+48163+M%C3%BCnster\/@51.879967,7.6074695,17.25z\/data=!4m5!3m4!1s0x47b9a5c86997088d:0xf5f8a63191b03755!8m2!3d51.8799902!4d7.60889\" target=\"_blank\" rel=\"noreferrer noopener\">Google Maps<\/a>)<\/p>\n","protected":false},"excerpt":{"rendered":"<p>Mit dem Stra\u00dfenverzeichnis bekommen Sie eine \u00dcbersicht, wo in M\u00fcnster unsere Wohnungen zu finden sind. \u00dcber den Link &hellip; <\/p>\n<p><a href=\"https:\/\/bauverein-ketteler.de\/_wp2014\/strassenverzeichnis\/\" class=\"more-link\"><span class=\"morelink-icon\">Weiterlesen<\/span><\/a><\/p>\n","protected":false},"author":1,"featured_media":0,"parent":0,"menu_order":0,"comment_status":"closed","ping_status":"closed","template":"","meta":{"footnotes":""},"class_list":["post-1743","page","type-page","status-publish","hentry"],"_links":{"self":[{"href":"https:\/\/bauverein-ketteler.de\/_wp2014\/wp-json\/wp\/v2\/pages\/1743","targetHints":{"allow":["GET"]}}],"collection":[{"href":"https:\/\/bauverein-ketteler.de\/_wp2014\/wp-json\/wp\/v2\/pages"}],"about":[{"href":"https:\/\/bauverein-ketteler.de\/_wp2014\/wp-json\/wp\/v2\/types\/page"}],"author":[{"embeddable":true,"href":"https:\/\/bauverein-ketteler.de\/_wp2014\/wp-json\/wp\/v2\/users\/1"}],"replies":[{"embeddable":true,"href":"https:\/\/bauverein-ketteler.de\/_wp2014\/wp-json\/wp\/v2\/comments?post=1743"}],"version-history":[{"count":5,"href":"https:\/\/bauverein-ketteler.de\/_wp2014\/wp-json\/wp\/v2\/pages\/1743\/revisions"}],"predecessor-version":[{"id":2605,"href":"https:\/\/bauverein-ketteler.de\/_wp2014\/wp-json\/wp\/v2\/pages\/1743\/revisions\/2605"}],"wp:attachment":[{"href":"https:\/\/bauverein-ketteler.de\/_wp2014\/wp-json\/wp\/v2\/media?parent=1743"}],"curies":[{"name":"wp","href":"https:\/\/api.w.org\/{rel}","templated":true}]}}