{"id":236,"date":"2015-08-26T12:26:49","date_gmt":"2015-08-26T10:26:49","guid":{"rendered":"http:\/\/bauverein-ketteler.de\/_wp2014\/?page_id=236"},"modified":"2025-06-30T09:18:12","modified_gmt":"2025-06-30T07:18:12","slug":"downloads","status":"publish","type":"page","link":"https:\/\/bauverein-ketteler.de\/_wp2014\/downloads\/","title":{"rendered":"Downloads"},"content":{"rendered":"\n<p>Hier k\u00f6nnen Sie sich das entsprechende Formular als PDF-Datei herunterladen, ausdrucken, von Hand ausf\u00fcllen und uns per Post oder Fax zuschicken. Dazu ben\u00f6tigen Sie nur den <a href=\"https:\/\/www.adobe.com\/de\/\">Acrobat Reader<\/a>.<\/p>\n\n\n\n<h3 class=\"wp-block-heading\">Mietinteressent:<\/h3>\n\n\n\n<p><a href=\"https:\/\/bauverein-ketteler.de\/_wp2014\/fragebogen-fuer-wohnungsinteressenten\/\">Fragebogen f\u00fcr Wohnungsinteressenten (Online-Formular)<\/a><br><a href=\"https:\/\/bauverein-ketteler.de\/pdf-download\/buergel_gmbH_bvk.pdf\">Vollmacht Abfrage B\u00fcrgel GmbH<\/a>&nbsp;<\/p>\n\n\n\n<h3 class=\"wp-block-heading\">Mieterservice:<\/h3>\n\n\n\n<p><a href=\"https:\/\/bauverein-ketteler.de\/pdf-download\/anregung_beschwerde.pdf\">Mitteilung<\/a><br><a href=\"https:\/\/bauverein-ketteler.de\/pdf-download\/reparaturanmeldung.pdf\">Reparatur<\/a><br><a href=\"https:\/\/bauverein-ketteler.de\/pdf-download\/kuendigung.pdf\">K\u00fcndigung<\/a><br><a rel=\"noopener noreferrer\" href=\"https:\/\/www.bauverein-ketteler.de\/pdf-download\/vertragsaenderung.pdf\" target=\"_blank\">Vertrags\u00e4nderung<\/a><br><a href=\"https:\/\/bauverein-ketteler.de\/pdf-download\/bankverbindung.pdf\">\u00c4nderung der Bankverbindung<\/a><br><a aria-label=\" (\u00f6ffnet in neuem Tab)\" rel=\"noreferrer noopener\" href=\"https:\/\/bauverein-ketteler.de\/pdf-download\/einzug_mitbewohner.pdf\" target=\"_blank\">Einzug Mitbewohner<\/a><\/p>\n\n\n\n<h3 class=\"wp-block-heading\">Sonstiges:<\/h3>\n\n\n\n<p><a href=\"https:\/\/www.bauverein-ketteler.de\/pdf-download\/satzung_version_2022-12-02.pdf\" target=\"_blank\" rel=\"noreferrer noopener\">Satzung<\/a><br><a rel=\"noopener noreferrer\" href=\"https:\/\/www.bauverein-ketteler.de\/pdf-download\/hausordnung_2014.pdf\" target=\"_blank\">Hausordnung<\/a> <\/p>\n\n\n\n<h3 class=\"wp-block-heading\">Mitgliedermagazin:<\/h3>\n\n\n\n<p><a href=\"https:\/\/bauverein-ketteler.de\/pdf-download\/bvk_1_2025_web.pdf\" target=\"_blank\" rel=\"noreferrer noopener\">Mieter- und Mitgliedermagazin 01\/2025<\/a><br><a href=\"https:\/\/bauverein-ketteler.de\/pdf-download\/bvk_2_2024.pdf\" target=\"_blank\" rel=\"noreferrer noopener\">Mieter- und Mitgliedermagazin 02\/2024<\/a><br><a href=\"https:\/\/bauverein-ketteler.de\/pdf-download\/bauverein_ketteler_magazin_01_2024.pdf\">Mieter- und Mitgliedermagazin 01\/2024<\/a><br><a href=\"https:\/\/bauverein-ketteler.de\/pdf-download\/bauverein_ketteler_magazin_2_2023_web.pdf\">Mieter- und Mitgliedermagazin 02\/2023<\/a><br><a href=\"https:\/\/bauverein-ketteler.de\/pdf-download\/bauverein_ketteler_1_2023_web.pdf\">Mieter- und Mitgliedermagazin 01\/2023<\/a><br><a href=\"https:\/\/bauverein-ketteler.de\/pdf-download\/bauverein_ketteler_magazin_2_2022.pdf\" target=\"_blank\" rel=\"noreferrer noopener\">Mieter- und Mitgliedermagazin 02\/2022<\/a><br><a href=\"https:\/\/bauverein-ketteler.de\/pdf-download\/bauverein_ketteler_magazin_1_2022.pdf\" target=\"_blank\" rel=\"noreferrer noopener\">Mieter- und Mitgliedermagazin 01\/2022<\/a><br><a href=\"https:\/\/bauverein-ketteler.de\/pdf-download\/bauverein_ketteler_magazin_2_2021.pdf\" target=\"_blank\" rel=\"noreferrer noopener\">Mieter- und Mitgliedermagazin 02\/2021<\/a><br><a href=\"https:\/\/bauverein-ketteler.de\/pdf-download\/bauverein_ketteler_magazin_1_2021.pdf\" target=\"_blank\" rel=\"noreferrer noopener\">Mieter- und Mitgliedermagazin 01\/2021<\/a><br><a href=\"https:\/\/bauverein-ketteler.de\/pdf-download\/bauverein_ketteler_magazin_2_2020.pdf\">Mieter- und Mitgliedermagazin 02\/2020<\/a><br><a href=\"https:\/\/bauverein-ketteler.de\/pdf-download\/bauverein_ketteler_magazin_1_2020.pdf\" target=\"_blank\" rel=\"noreferrer noopener\">Mieter- und Mitgliedermagazin 01\/2020<br><\/a><a href=\"https:\/\/bauverein-ketteler.de\/pdf-download\/bauverein_ketteler_magazin_2019.pdf\" target=\"_blank\" rel=\"noreferrer noopener\">1. Mieter- und Mitgliedermagazin 2019<\/a><br><\/p>\n\n\n\n<h3 class=\"wp-block-heading\">Gesch\u00e4ftsberichte:<\/h3>\n\n\n\n<p><a href=\"https:\/\/bauverein-ketteler.de\/pdf-download\/geschaeftsbericht_2024.pdf\" target=\"_blank\" rel=\"noreferrer noopener\">Gesch\u00e4ftsbericht 2024<\/a><br><a href=\"https:\/\/bauverein-ketteler.de\/pdf-download\/vorl_gesch%C3%A4ftsbericht_2023.pdf\" target=\"_blank\" rel=\"noreferrer noopener\">Gesch\u00e4ftsbericht 2023<\/a><br><a href=\"https:\/\/www.bauverein-ketteler.de\/pdf-download\/geschaeftsbericht_2022\" data-type=\"link\" data-id=\"https:\/\/www.bauverein-ketteler.de\/pdf-download\/geschaeftsbericht_2022\">Gesch\u00e4ftsbericht 2022<br><\/a><a href=\"https:\/\/www.bauverein-ketteler.de\/pdf-download\/geschaeftsbericht_2021.pdf\" target=\"_blank\" rel=\"noreferrer noopener\">Gesch\u00e4ftsbericht 2021<\/a><br><a href=\"https:\/\/www.bauverein-ketteler.de\/pdf-download\/geschaeftsbericht_2020.pdf\" target=\"_blank\" rel=\"noreferrer noopener\">Gesch\u00e4ftsbericht 2020<\/a><br><a href=\"https:\/\/www.bauverein-ketteler.de\/pdf-download\/geschaeftsbericht_2019.pdf\" target=\"_blank\" rel=\"noreferrer noopener\">Gesch\u00e4ftsbericht 2019<br><\/a><a href=\"https:\/\/www.bauverein-ketteler.de\/pdf-download\/geschaeftsbericht_2018.pdf\" target=\"_blank\" rel=\"noreferrer noopener\">Gesch\u00e4ftsbericht 2018<\/a><br><a href=\"https:\/\/www.bauverein-ketteler.de\/pdf-download\/geschaeftsbericht_2017.pdf\" target=\"_blank\" rel=\"noopener noreferrer\">Gesch\u00e4ftsbericht 2017<\/a><br><a href=\"https:\/\/www.bauverein-ketteler.de\/pdf-download\/geschaeftsbericht_2016.pdf\" target=\"_blank\" rel=\"noopener noreferrer\">Gesch\u00e4ftsbericht 2016<\/a><a href=\"http:s:\/\/www.bauverein-ketteler.de\/pdf-download\/geschaeftsbericht_2017.pdf\" target=\"_blank\" rel=\"noopener noreferrer\"><br><\/a><a href=\"https:\/\/www.bauverein-ketteler.de\/pdf-download\/geschaeftsbericht_2015.pdf\" target=\"_blank\" rel=\"noopener noreferrer\">Gesch\u00e4ftsbericht 2015<\/a><a href=\"http:s:\/\/www.bauverein-ketteler.de\/pdf-download\/geschaeftsbericht_2017.pdf\" target=\"_blank\" rel=\"noopener noreferrer\"><br><\/a><a href=\"https:\/\/www.bauverein-ketteler.de\/pdf-download\/geschaeftsbericht_2014.pdf\" target=\"_blank\" rel=\"noopener noreferrer\">Gesch\u00e4ftsbericht 2014<\/a><a href=\"http:s:\/\/www.bauverein-ketteler.de\/pdf-download\/geschaeftsbericht_2017.pdf\" target=\"_blank\" rel=\"noopener noreferrer\"><br><\/a><a href=\"https:\/\/www.bauverein-ketteler.de\/pdf-download\/geschaeftsbericht_2013.pdf\" target=\"_blank\" rel=\"noopener noreferrer\">Gesch\u00e4ftsbericht 2013<\/a><a href=\"http:s:\/\/www.bauverein-ketteler.de\/pdf-download\/geschaeftsbericht_2017.pdf\" target=\"_blank\" rel=\"noopener noreferrer\"><br><\/a><a href=\"https:\/\/www.bauverein-ketteler.de\/pdf-download\/geschaeftsbericht_2012.pdf\" target=\"_blank\" rel=\"noopener noreferrer\">Gesch\u00e4ftsbericht 2012<\/a><a href=\"http:s:\/\/www.bauverein-ketteler.de\/pdf-download\/geschaeftsbericht_2017.pdf\" target=\"_blank\" rel=\"noopener noreferrer\"><br><\/a><a href=\"https:\/\/www.bauverein-ketteler.de\/pdf-download\/geschaeftsbericht_2011.pdf\" target=\"_blank\" rel=\"noopener noreferrer\">Gesch\u00e4ftsbericht 2011<\/a><a href=\"http:s:\/\/www.bauverein-ketteler.de\/pdf-download\/geschaeftsbericht_2017.pdf\" target=\"_blank\" rel=\"noopener noreferrer\"><br><\/a><a href=\"https:\/\/www.bauverein-ketteler.de\/pdf-download\/geschaeftsbericht_2010.pdf\" target=\"_blank\" rel=\"noopener noreferrer\">Gesch\u00e4ftsbericht 2010<\/a><\/p>\n","protected":false},"excerpt":{"rendered":"<p>Hier k\u00f6nnen Sie sich das entsprechende Formular als PDF-Datei herunterladen, ausdrucken, von Hand ausf\u00fcllen und uns per Post &hellip; <\/p>\n<p><a href=\"https:\/\/bauverein-ketteler.de\/_wp2014\/downloads\/\" class=\"more-link\"><span class=\"morelink-icon\">Weiterlesen<\/span><\/a><\/p>\n","protected":false},"author":1,"featured_media":0,"parent":0,"menu_order":0,"comment_status":"closed","ping_status":"closed","template":"","meta":{"footnotes":""},"class_list":["post-236","page","type-page","status-publish","hentry"],"_links":{"self":[{"href":"https:\/\/bauverein-ketteler.de\/_wp2014\/wp-json\/wp\/v2\/pages\/236","targetHints":{"allow":["GET"]}}],"collection":[{"href":"https:\/\/bauverein-ketteler.de\/_wp2014\/wp-json\/wp\/v2\/pages"}],"about":[{"href":"https:\/\/bauverein-ketteler.de\/_wp2014\/wp-json\/wp\/v2\/types\/page"}],"author":[{"embeddable":true,"href":"https:\/\/bauverein-ketteler.de\/_wp2014\/wp-json\/wp\/v2\/users\/1"}],"replies":[{"embeddable":true,"href":"https:\/\/bauverein-ketteler.de\/_wp2014\/wp-json\/wp\/v2\/comments?post=236"}],"version-history":[{"count":39,"href":"https:\/\/bauverein-ketteler.de\/_wp2014\/wp-json\/wp\/v2\/pages\/236\/revisions"}],"predecessor-version":[{"id":3001,"href":"https:\/\/bauverein-ketteler.de\/_wp2014\/wp-json\/wp\/v2\/pages\/236\/revisions\/3001"}],"wp:attachment":[{"href":"https:\/\/bauverein-ketteler.de\/_wp2014\/wp-json\/wp\/v2\/media?parent=236"}],"curies":[{"name":"wp","href":"https:\/\/api.w.org\/{rel}","templated":true}]}}