{"id":238,"date":"2015-08-26T12:27:07","date_gmt":"2015-08-26T10:27:07","guid":{"rendered":"http:\/\/bauverein-ketteler.de\/_wp2014\/?page_id=238"},"modified":"2025-07-28T14:45:24","modified_gmt":"2025-07-28T12:45:24","slug":"fragen-antworten","status":"publish","type":"page","link":"https:\/\/bauverein-ketteler.de\/_wp2014\/fragen-antworten\/","title":{"rendered":"Fragen &#038; Antworten"},"content":{"rendered":"\n<p id=\"oben\">Unser Team wird h\u00e4ufig&nbsp;mit den gleichen Fragen konfrontiert. Aus diesem Grund haben wir einige Fragen und Antworten f\u00fcr Sie zusammengefasst.<\/p>\n\n\n\n<p><a name=\"top\"><\/a>Sie finden keine Antwort auf Ihre Fragen?&nbsp;Nat\u00fcrlich k\u00f6nnen Sie <a href=\"https:\/\/bauverein-ketteler.de\/_wp2014\/ansprechpartner-2\/\">unser Team<\/a>&nbsp;gerne pers\u00f6nlich ansprechen oder Sie schicken Ihre Frage <a href=\"mailto:info@bauverein-ketteler.de\">per E-Mail<\/a> in unser B\u00fcro.<\/p>\n\n\n\n<h2 class=\"wp-block-heading\">Fragen:<\/h2>\n\n\n\n<p><a href=\"#bewerben\">Wie kann ich\u00a0mich f\u00fcr eine Wohnung bei der Bauverein Ketteler eG bewerben?<\/a><br><a href=\"#anmieten\">Was muss ich machen, wenn ich eine Wohnung anmiete?<\/a><br><a href=\"#ga\">Was ist ein Gesch\u00e4ftsanteil?<\/a><br><a href=\"#kaution\" data-type=\"internal\" data-id=\"#kaution\">Muss neben dem Gesch\u00e4ftsanteil noch eine Kaution bezahlt werden?<\/a><br><a href=\"#mitbewohner\" data-type=\"internal\" data-id=\"#mitbewohner\">Wie melde ich eine\/n Mitbewohner\/in an?<\/a><br><a href=\"#schaden\" data-type=\"internal\" data-id=\"#schaden\">Wie melde ich einen reparaturbed\u00fcrftigen Schaden in meiner Wohnung?<\/a><br><a href=\"#hk\" data-type=\"internal\" data-id=\"#hk\">Wann werden die Betriebs- und Heizkosten abgerechnet?<\/a><br><a href=\"#sat\" data-type=\"internal\" data-id=\"#sat\">Darf ich eine\u00a0Sat-Anlage installieren?<\/a><br><a href=\"#kinderwagen\" data-type=\"internal\" data-id=\"#kinderwagen\">D\u00fcrfen Kinderwagen im Treppenhaus abgestellt werden?<\/a><br><a href=\"#mietbescheinigung\" data-type=\"internal\" data-id=\"#mietbescheinigung\">Wo bekomme ich eine Mietbescheinigung?<\/a><br><a href=\"#tier\" data-type=\"internal\" data-id=\"#tier\">Ist Tierhaltung erlaubt?<\/a><\/p>\n\n\n\n<hr class=\"wp-block-separator has-alpha-channel-opacity is-style-dots\"\/>\n\n\n\n<p id=\"bewerben\"><strong>Wie kann ich&nbsp;mich f\u00fcr eine Wohnung bei der Bauverein Ketteler eG bewerben?<\/strong><\/p>\n\n\n\n<p>Unseren Fragebogen f\u00fcr Wohnungsinteressenten k\u00f6nnen Sie einfach <a href=\"https:\/\/bauverein-ketteler.de\/bewerberbogen\/\" target=\"_blank\" rel=\"noreferrer noopener\">online ausf\u00fcllen<\/a>. Die Daten werden f\u00fcr 4 Monate in unserem System gespeichert und anschlie\u00dfend anonymisiert. Vor der Anonymisierung erhalten Sie selbstverst\u00e4ndlich eine Mail mit einem Link, mit dem Sie die Datenspeicherung verl\u00e4ngern k\u00f6nnen.<\/p>\n\n\n\n<p class=\"has-text-align-right\">[<a href=\"#oben\" data-type=\"internal\" data-id=\"#oben\">nach oben<\/a>]<\/p>\n\n\n\n<hr class=\"wp-block-separator has-alpha-channel-opacity is-style-dots\"\/>\n\n\n\n<p id=\"anmieten\"><strong>Was muss ich machen, wenn ich eine Wohnung anmiete?<\/strong><\/p>\n\n\n\n<p>Wir vermieten nur an Mitglieder. Deshalb m\u00fcssen Sie bei Anmietung einer Wohnung einen Gesch\u00e4ftsanteil in H\u00f6he von 600,00 \u20ac erwerben und Eintrittsgeld in H\u00f6he von 50,00 \u20ac zahlen. Wir setzen ein festes und regelm\u00e4\u00dfiges Einkommen, bei Sch\u00fclern, Studenten und Auszubildenen eine Elternb\u00fcrgschaft voraus. Bei \u00f6ffentlich gef\u00f6rderten Wohnungen ben\u00f6tigen wir&nbsp;einen g\u00fcltigen Wohnberechtigungsschein.<\/p>\n\n\n\n<p class=\"has-text-align-right\">[<a href=\"#oben\" data-type=\"internal\" data-id=\"#oben\">nach oben<\/a>]<\/p>\n\n\n\n<hr class=\"wp-block-separator has-alpha-channel-opacity is-style-dots\"\/>\n\n\n\n<p id=\"ga\"><strong>Was ist ein Gesch\u00e4ftsanteil?<\/strong><\/p>\n\n\n\n<p>Mit dem Gesch\u00e4ftsanteil (600,00 \u20ac) erhalten Sie die Anwartschaft auf eine Wohnung. Sie werden &#8220;Anteilseigner\u201d und haben ein Stimm- und Mitspracherecht. Auf den Gesch\u00e4ftsanteil wird j\u00e4hrlich eine Dividende ausgesch\u00fcttet, diese liegt derzeit&nbsp;satzungsgem\u00e4\u00df bei&nbsp;4 %. Nach Ablauf einer festgelegten K\u00fcndigungsfrist wird der Gesch\u00e4ftsanteil wieder ausgezahlt.<\/p>\n\n\n\n<p class=\"has-text-align-right\">[<a href=\"#oben\" data-type=\"internal\" data-id=\"#oben\">nach oben<\/a>]<\/p>\n\n\n\n<hr class=\"wp-block-separator has-alpha-channel-opacity is-style-dots\"\/>\n\n\n\n<p id=\"kaution\"><strong>Muss neben dem Gesch\u00e4ftsanteil noch eine Kaution bezahlt werden?<\/strong><\/p>\n\n\n\n<p>Eine Kaution muss nicht gezahlt werden.<\/p>\n\n\n\n<p>Wie lange ist die K\u00fcndigungsfrist der Wohnung \/ des Stellplatzes \/ der Garage?<br><em>(Achtung: Wohnungsk\u00fcndigung ist nicht gleich K\u00fcndigung des Gesch\u00e4ftsanteils)<\/em><\/p>\n\n\n\n<p>Das <strong>Nutzungsverh\u00e4ltnis<\/strong>&nbsp;kann vom Mitglied bis zum dritten Werktag eines Kalendermonats f\u00fcr den Ablauf des \u00fcbern\u00e4chsten Kalendermonats gek\u00fcndigt werden. Die fristlose K\u00fcndigung richtet sich nach den gesetzlichen Vorschriften.<\/p>\n\n\n\n<p>Stellpl\u00e4tze und Garagen haben eine K\u00fcndigungsfrist von einem Monat zum Quartalsende.<\/p>\n\n\n\n<p>Die K\u00fcndigung muss schriftlich erfolgen. F\u00fcr die Einhaltung der Frist ist der Posteingang bei uns ausschlaggebend.<\/p>\n\n\n\n<h2 class=\"wp-block-heading\">Bitte bedenken Sie: Wohnungsk\u00fcndigung ist nicht gleich K\u00fcndigung der Mitgliedschaft!<\/h2>\n\n\n\n<p>Die Fristen f\u00fcr die <strong>K\u00fcndigung der Mitgliedschaft<\/strong> lauten:<\/p>\n\n\n\n<p>Bei einer K\u00fcndigung des Gesch\u00e4ftsanteils bis zum 30.06. eines Jahres endet Ihre Mitgliedschaft bei uns&nbsp;zum 31.12. desselben Jahres.<\/p>\n\n\n\n<p>Bei einer K\u00fcndigung des Gesch\u00e4ftsanteils ab dem 01.07. eines Jahre endet Ihre Mitgliedschaft bei uns&nbsp;zum 31.12. des darauffolgenden Jahres.<\/p>\n\n\n\n<p>Nach der Mitgliederversammlung, die auf das Datum Ihres Austritts aus unserer&nbsp;Genossenschaft folgt, wird das Auseinandersetzungsguthaben an Sie ausgezahlt.<\/p>\n\n\n\n<p>Da zwischen Ihrem Austritt aus unserer&nbsp;Genossenschaft und der Auszahlung des Auseinandersetzungsguthabens ein l\u00e4ngerer Zeitraum liegt, bitten wir Sie, uns die eventuelle \u00c4nderung Ihrer Bankverbindung schriftlich mitzuteilen.<\/p>\n\n\n\n<p class=\"has-text-align-right\">[<a href=\"#oben\" data-type=\"internal\" data-id=\"#oben\">nach oben<\/a>]<\/p>\n\n\n\n<hr class=\"wp-block-separator has-alpha-channel-opacity is-style-dots\"\/>\n\n\n\n<p id=\"mitbewohner\"><strong>Wie melde ich eine\/n Mitbewohner\/in an?<\/strong><\/p>\n\n\n\n<p>Um eine\/n Mitbewohner\/in bei uns anzumelden, f\u00fcllen Sie bitte <a href=\"https:\/\/bauverein-ketteler.de\/pdf-download\/einzug_mitbewohner.pdf\" target=\"_blank\" rel=\"noreferrer noopener\">dieses Formular<\/a> aus und reichen es in der Gesch\u00e4ftsstelle ein. Alle weiteren, notwendigen Schritte werden in dem Formular erl\u00e4utert.<\/p>\n\n\n\n<p class=\"has-text-align-right\">[<a href=\"#oben\" data-type=\"internal\" data-id=\"#oben\">nach oben<\/a>]<\/p>\n\n\n\n<hr class=\"wp-block-separator has-alpha-channel-opacity is-style-dots\"\/>\n\n\n\n<p id=\"schaden\"><strong>Wie melde ich einen reparaturbed\u00fcrftigen Schaden in meiner Wohnung?<\/strong><\/p>\n\n\n\n<p>W\u00e4hrend unserer Sprechzeiten k\u00f6nnen Sie uns unter der Telefonnummer<\/p>\n\n\n\n<p><a href=\"tel:+49251482100\">(02 51) 4 82 10 &#8211; 0<\/a><\/p>\n\n\n\n<p>erreichen. Au\u00dferhalb unserer Sprechzeiten&nbsp;finden Sie die&nbsp;wichtigsten Telefonnummern auf unserer&nbsp;<a href=\"https:\/\/bauverein-ketteler.de\/_wp2014\/notfalltelefon\/\">Notfall-Seite<\/a>&nbsp;oder in dem Schaukasten in Ihrem Treppenhaus.<\/p>\n\n\n\n<p class=\"has-text-align-right\">[<a href=\"#oben\" data-type=\"internal\" data-id=\"#oben\">nach oben<\/a>]<\/p>\n\n\n\n<hr class=\"wp-block-separator has-alpha-channel-opacity is-style-dots\"\/>\n\n\n\n<p id=\"hk\"><strong>Wann werden die Betriebs- und Heizkosten abgerechnet?<\/strong><\/p>\n\n\n\n<p>Die Betriebs- und Heizkosten werden kalenderj\u00e4hrlich abgerechnet. Die Abrechnung wird unseren Mietern sp\u00e4testens bis zum Ablauf des zw\u00f6lften Monats nach Ende des Abrechnungszeitraums zugestellt.<\/p>\n\n\n\n<p class=\"has-text-align-right\">[<a href=\"#oben\" data-type=\"internal\" data-id=\"#oben\">nach oben<\/a>]<\/p>\n\n\n\n<hr class=\"wp-block-separator has-alpha-channel-opacity is-style-dots\"\/>\n\n\n\n<p id=\"sat\"><strong>Darf ich eine&nbsp;Sat-Anlage installieren?<\/strong><\/p>\n\n\n\n<p>Nein, die Kabelgesellschaften wie Vodafone, Telekom oder andere Anbieter&nbsp;bieten ein breites Spektrum an zus\u00e4tzlichen deutschen und ausl\u00e4ndischen Fernsehsendern gegen eine geringe monatliche Geb\u00fchr an. So k\u00f6nnen Sie sich unter anderem auch Ihren Heimatsender direkt \u00fcber das Kabelnetz einspeisen lassen.<\/p>\n\n\n\n<p class=\"has-text-align-right\">[<a href=\"#oben\" data-type=\"internal\" data-id=\"#oben\">nach oben<\/a>]<\/p>\n\n\n\n<hr class=\"wp-block-separator has-alpha-channel-opacity is-style-dots\"\/>\n\n\n\n<p id=\"kinderwagen\"><strong>D\u00fcrfen Kinderwagen im Treppenhaus abgestellt werden?<\/strong><\/p>\n\n\n\n<p>Der Kinderwagen sollte grunds\u00e4tzlich in der Wohnung oder im eigenen Kellerraum abgestellt werden. Ausnahmen sind m\u00f6glich, wenn im Treppenhaus ausreichend Platz vorhanden ist. Bedenken Sie jedoch bitte, dass das Treppenhaus im Notfall (z. B. Brand) als Fluchtweg dient.<\/p>\n\n\n\n<p class=\"has-text-align-right\">[<a href=\"#oben\" data-type=\"internal\" data-id=\"#oben\">nach oben<\/a>]<\/p>\n\n\n\n<hr class=\"wp-block-separator has-alpha-channel-opacity is-style-dots\"\/>\n\n\n\n<p id=\"mietbescheinigung\"><strong>Wo bekomme ich eine Mietbescheinigung?<\/strong><\/p>\n\n\n\n<p>Sollten Sie eine Mietbescheinigung ben\u00f6tigen, rufen Sie uns unter <a href=\"tel:+49251482100\">(02 51) 4 82 10 &#8211; 0<\/a> an.&nbsp;Wir erstellen Ihnen gerne eine Mietbescheinigung und senden Ihnen diese zu.<\/p>\n\n\n\n<p class=\"has-text-align-right\">[<a href=\"#oben\" data-type=\"internal\" data-id=\"#oben\">nach oben<\/a>]<\/p>\n\n\n\n<hr class=\"wp-block-separator has-alpha-channel-opacity is-style-dots\"\/>\n\n\n\n<p id=\"tier\"><strong>Ist Tierhaltung erlaubt?<\/strong><\/p>\n\n\n\n<p>Die Tierhaltung ist generell erlaubt, soweit es sich um die \u00fcbliche Kleintierhaltung handelt ( z. B. Fische, Hamster, V\u00f6gel), lediglich Hunde sind zustimmungspflichtig. Sollten Sie Fragen haben, wenden Sie sich bitte an Frau Kassebeer <a href=\"tel:+492514821027\">(02 51) 4 82 10 &#8211; 27<\/a> oder Frau Holst <a href=\"tel:+492514821015\">(02 51) 4 82 10 &#8211; 15<\/a>.<\/p>\n\n\n\n<p class=\"has-text-align-right\">[<a href=\"#oben\" data-type=\"internal\" data-id=\"#oben\">nach oben<\/a>]<\/p>\n\n\n\n<h3 class=\"wp-block-heading\">&nbsp;<\/h3>\n","protected":false},"excerpt":{"rendered":"<p>Unser Team wird h\u00e4ufig&nbsp;mit den gleichen Fragen konfrontiert. Aus diesem Grund haben wir einige Fragen und Antworten f\u00fcr &hellip; <\/p>\n<p><a href=\"https:\/\/bauverein-ketteler.de\/_wp2014\/fragen-antworten\/\" class=\"more-link\"><span class=\"morelink-icon\">Weiterlesen<\/span><\/a><\/p>\n","protected":false},"author":1,"featured_media":0,"parent":0,"menu_order":0,"comment_status":"closed","ping_status":"closed","template":"","meta":{"footnotes":""},"class_list":["post-238","page","type-page","status-publish","hentry"],"_links":{"self":[{"href":"https:\/\/bauverein-ketteler.de\/_wp2014\/wp-json\/wp\/v2\/pages\/238","targetHints":{"allow":["GET"]}}],"collection":[{"href":"https:\/\/bauverein-ketteler.de\/_wp2014\/wp-json\/wp\/v2\/pages"}],"about":[{"href":"https:\/\/bauverein-ketteler.de\/_wp2014\/wp-json\/wp\/v2\/types\/page"}],"author":[{"embeddable":true,"href":"https:\/\/bauverein-ketteler.de\/_wp2014\/wp-json\/wp\/v2\/users\/1"}],"replies":[{"embeddable":true,"href":"https:\/\/bauverein-ketteler.de\/_wp2014\/wp-json\/wp\/v2\/comments?post=238"}],"version-history":[{"count":71,"href":"https:\/\/bauverein-ketteler.de\/_wp2014\/wp-json\/wp\/v2\/pages\/238\/revisions"}],"predecessor-version":[{"id":3026,"href":"https:\/\/bauverein-ketteler.de\/_wp2014\/wp-json\/wp\/v2\/pages\/238\/revisions\/3026"}],"wp:attachment":[{"href":"https:\/\/bauverein-ketteler.de\/_wp2014\/wp-json\/wp\/v2\/media?parent=238"}],"curies":[{"name":"wp","href":"https:\/\/api.w.org\/{rel}","templated":true}]}}