{"id":304,"date":"2015-04-18T13:15:21","date_gmt":"2015-04-18T11:15:21","guid":{"rendered":"http:\/\/bauverein-ketteler.de\/_wp2014\/?page_id=304"},"modified":"2022-07-21T10:29:58","modified_gmt":"2022-07-21T08:29:58","slug":"wohnungsangebote","status":"publish","type":"page","link":"https:\/\/bauverein-ketteler.de\/_wp2014\/wohnungsangebote\/","title":{"rendered":"Wohnungsangebote"},"content":{"rendered":"<div class=\"wp-block-image\">\n<figure class=\"aligncenter\"><img loading=\"lazy\" decoding=\"async\" width=\"800\" height=\"450\" src=\"https:\/\/bauverein-ketteler.de\/_wp2014\/wp-content\/uploads\/2018\/06\/Bauverein-Ketteler-Nachbarschaft.jpg\" alt=\"Bauverin Ketteler Nachbarschaft\" class=\"wp-image-1291\" srcset=\"https:\/\/bauverein-ketteler.de\/_wp2014\/wp-content\/uploads\/2018\/06\/Bauverein-Ketteler-Nachbarschaft.jpg 800w, https:\/\/bauverein-ketteler.de\/_wp2014\/wp-content\/uploads\/2018\/06\/Bauverein-Ketteler-Nachbarschaft-670x377.jpg 670w\" sizes=\"auto, (max-width: 800px) 100vw, 800px\" \/><\/figure>\n<\/div>\n\n\n<p>Sollten Sie kein passendes Angebot finden oder es steht gar kein Angebot auf unserer Homepage, k\u00f6nnen Sie sich selbstverst\u00e4ndlich bei uns wohnungssuchend melden. <\/p>\n\n\n\n<p>Bitte f\u00fcllen Sie hierf\u00fcr unseren <a rel=\"noreferrer noopener\" href=\"https:\/\/bauverein-ketteler.de\/bewerberbogen\/\" target=\"_blank\">Fragebogen f\u00fcr Wohnungsinteressenten<\/a> aus. Die Frageb\u00f6gen werden f\u00fcr 4 Monate aufbewahrt und anschl. automatisch depersonalisiert. Sie erhalten vor der Datenl\u00f6schung eine Erinnerungsmail mit einem Link, \u00fcber den Sie die Aufbewahrungsfrist verl\u00e4ngern k\u00f6nnen. <\/p>\n\n\n\n<p>Sollten wir in diesem Zeitraum ein passendes Angebot finden, informieren wir Sie telefonisch.<\/p>\n\n\n\n<h1 class=\"wp-block-heading\">Aktuelle Angebote:<\/h1>\n\n\n\n<pre class=\"wp-block-preformatted\">[display-posts category=\"angebote\"]<\/pre>\n\n\n\n<p>Aktuell gibt es hier keine weiteren Wohnungsangebote und Sie m\u00f6chten Sich dennoch registrieren lassen? F\u00fcllen Sie gerne unseren <a aria-label=\" (opens in a new tab)\" rel=\"noreferrer noopener\" class=\"aioseop-link\" href=\"https:\/\/bauverein-ketteler.de\/bewerberbogen\/\" target=\"_blank\">Fragebogen f\u00fcr Wohnungsinteressenten<\/a> aus. <\/p>\n","protected":false},"excerpt":{"rendered":"<p>Sollten Sie kein passendes Angebot finden oder es steht gar kein Angebot auf unserer Homepage, k\u00f6nnen Sie sich &hellip; <\/p>\n<p><a href=\"https:\/\/bauverein-ketteler.de\/_wp2014\/wohnungsangebote\/\" class=\"more-link\"><span class=\"morelink-icon\">Weiterlesen<\/span><\/a><\/p>\n","protected":false},"author":1,"featured_media":0,"parent":0,"menu_order":0,"comment_status":"closed","ping_status":"closed","template":"","meta":{"footnotes":""},"class_list":["post-304","page","type-page","status-publish","hentry"],"_links":{"self":[{"href":"https:\/\/bauverein-ketteler.de\/_wp2014\/wp-json\/wp\/v2\/pages\/304","targetHints":{"allow":["GET"]}}],"collection":[{"href":"https:\/\/bauverein-ketteler.de\/_wp2014\/wp-json\/wp\/v2\/pages"}],"about":[{"href":"https:\/\/bauverein-ketteler.de\/_wp2014\/wp-json\/wp\/v2\/types\/page"}],"author":[{"embeddable":true,"href":"https:\/\/bauverein-ketteler.de\/_wp2014\/wp-json\/wp\/v2\/users\/1"}],"replies":[{"embeddable":true,"href":"https:\/\/bauverein-ketteler.de\/_wp2014\/wp-json\/wp\/v2\/comments?post=304"}],"version-history":[{"count":154,"href":"https:\/\/bauverein-ketteler.de\/_wp2014\/wp-json\/wp\/v2\/pages\/304\/revisions"}],"predecessor-version":[{"id":2612,"href":"https:\/\/bauverein-ketteler.de\/_wp2014\/wp-json\/wp\/v2\/pages\/304\/revisions\/2612"}],"wp:attachment":[{"href":"https:\/\/bauverein-ketteler.de\/_wp2014\/wp-json\/wp\/v2\/media?parent=304"}],"curies":[{"name":"wp","href":"https:\/\/api.w.org\/{rel}","templated":true}]}}