{"id":337,"date":"2015-12-14T15:55:53","date_gmt":"2015-12-14T13:55:53","guid":{"rendered":"http:\/\/bauverein-ketteler.de\/_wp2014\/?page_id=337"},"modified":"2020-06-23T13:55:06","modified_gmt":"2020-06-23T11:55:06","slug":"fragebogen-fuer-wohnungsinteressenten","status":"publish","type":"page","link":"https:\/\/bauverein-ketteler.de\/_wp2014\/fragebogen-fuer-wohnungsinteressenten\/","title":{"rendered":"Fragebogen f\u00fcr Wohnungsinteressenten"},"content":{"rendered":"\n<p>Sie m\u00f6chten eine Wohnung bei der Bauverein Ketteler eG anmieten? Dann f\u00fcllen Sie bitte als erstes unseren Fragebogen f\u00fcr Wohnungsinteressenten aus, damit wir Sie in unsere Interessenten-Kartei aufnehmen k\u00f6nnen. Dieser Fragebogen wird nach Eingang f\u00fcr 4 Monate aufbewahrt. Sobald wir Ihnen ein Angebot machen k\u00f6nnen, melden wir uns telefonisch bei Ihnen.<\/p>\n\n\n\n<p><a aria-label=\"Zum Bewerbungsbogen (\u00f6ffnet sich in einem neuen Fenster) &gt;&gt;&gt; (\u00f6ffnet in neuem Tab)\" href=\"https:\/\/bauverein-ketteler.de\/bewerberbogen\/\" target=\"_blank\" rel=\"noreferrer noopener\">Zum Bewerbungsbogen (\u00f6ffnet sich in einem neuen Fenster) >>><\/a><\/p>\n\n\n\n<p class=\"has-small-font-size\"><a href=\"https:\/\/bauverein-ketteler.de\/_wp2014\/datenschutzhinweise\/\">Datenschutzhinweise f\u00fcr Mietinteressenten<\/a><\/p>\n","protected":false},"excerpt":{"rendered":"<p>Sie m\u00f6chten eine Wohnung bei der Bauverein Ketteler eG anmieten? Dann f\u00fcllen Sie bitte als erstes unseren Fragebogen &hellip; <\/p>\n<p><a href=\"https:\/\/bauverein-ketteler.de\/_wp2014\/fragebogen-fuer-wohnungsinteressenten\/\" class=\"more-link\"><span class=\"morelink-icon\">Weiterlesen<\/span><\/a><\/p>\n","protected":false},"author":1,"featured_media":0,"parent":0,"menu_order":0,"comment_status":"closed","ping_status":"closed","template":"","meta":{"footnotes":""},"class_list":["post-337","page","type-page","status-publish","hentry"],"_links":{"self":[{"href":"https:\/\/bauverein-ketteler.de\/_wp2014\/wp-json\/wp\/v2\/pages\/337","targetHints":{"allow":["GET"]}}],"collection":[{"href":"https:\/\/bauverein-ketteler.de\/_wp2014\/wp-json\/wp\/v2\/pages"}],"about":[{"href":"https:\/\/bauverein-ketteler.de\/_wp2014\/wp-json\/wp\/v2\/types\/page"}],"author":[{"embeddable":true,"href":"https:\/\/bauverein-ketteler.de\/_wp2014\/wp-json\/wp\/v2\/users\/1"}],"replies":[{"embeddable":true,"href":"https:\/\/bauverein-ketteler.de\/_wp2014\/wp-json\/wp\/v2\/comments?post=337"}],"version-history":[{"count":6,"href":"https:\/\/bauverein-ketteler.de\/_wp2014\/wp-json\/wp\/v2\/pages\/337\/revisions"}],"predecessor-version":[{"id":2190,"href":"https:\/\/bauverein-ketteler.de\/_wp2014\/wp-json\/wp\/v2\/pages\/337\/revisions\/2190"}],"wp:attachment":[{"href":"https:\/\/bauverein-ketteler.de\/_wp2014\/wp-json\/wp\/v2\/media?parent=337"}],"curies":[{"name":"wp","href":"https:\/\/api.w.org\/{rel}","templated":true}]}}