{"id":84,"date":"2015-03-17T13:18:14","date_gmt":"2015-03-17T11:18:14","guid":{"rendered":"http:\/\/bauverein-ketteler.de\/_wp2014\/?page_id=84"},"modified":"2022-07-21T10:01:05","modified_gmt":"2022-07-21T08:01:05","slug":"ueber-uns","status":"publish","type":"page","link":"https:\/\/bauverein-ketteler.de\/_wp2014\/ueber-uns\/","title":{"rendered":"\u00dcber uns"},"content":{"rendered":"<p><img loading=\"lazy\" decoding=\"async\" class=\"aligncenter size-full wp-image-1282\" src=\"https:\/\/bauverein-ketteler.de\/_wp2014\/wp-content\/uploads\/2018\/06\/Bauverein-Ketteler-Sonnenschirm.jpg\" alt=\"Bauverein Ketteler M\u00fcnster Familie mit Sonnenschirm\" width=\"800\" height=\"450\" srcset=\"https:\/\/bauverein-ketteler.de\/_wp2014\/wp-content\/uploads\/2018\/06\/Bauverein-Ketteler-Sonnenschirm.jpg 800w, https:\/\/bauverein-ketteler.de\/_wp2014\/wp-content\/uploads\/2018\/06\/Bauverein-Ketteler-Sonnenschirm-670x377.jpg 670w\" sizes=\"auto, (max-width: 800px) 100vw, 800px\" \/><\/p>\n<h2>Damit Wohnw\u00fcnsche Wirklichkeit werden<\/h2>\n<p>In M\u00fcnster sollte jeder eine Wohnung finden, die zu ihm passt und die bezahlbar ist \u2013 das war schon zu unseren Gr\u00fcndungszeiten 1951 unsere Vision. Heute verf\u00fcgen wir in M\u00fcnster \u00fcber 830 Wohnungen, in verschiedenen Stadtteilen, vom Neubau bis zum gepflegten Altbau-Bestand.<\/p>\n<p><strong>Mitglieder statt Mieter<\/strong><br \/>\n\u00dcber 1.100 Mitglieder schenken uns heute ihr Vertrauen. Denn wir sind eine Genossenschaft. Das bedeutet, unsere Mieter sind nicht einfach Mieter. Sie sind Mitglieder und mit ihrem Gesch\u00e4ftsanteil am Erfolg des Unternehmens und seiner Zukunftsgestaltung beteiligt. Auch darum liegt uns die gute Nachbarschaft am Herzen, von Mieter zu Mieter und von uns zu allen Mitgliedern.<\/p>\n<p><strong>Verantwortung \u00fcbernehmen, Werte erhalten<\/strong><br \/>\nWir k\u00fcmmern uns um unsere H\u00e4user, sanieren, modernisieren und halten instand. So bewahren wir die Bausubstanz, pflegen das Erscheinungsbild M\u00fcnsters und nicht zuletzt sichern wir ein lebenswertes, langfristiges Zuhause f\u00fcr unsere Mieter\/Innen. Ihnen ist \u00fcbrigens auch im Alltag immer geholfen: Unsere Haumeister haben einen direkten Draht zu den Bewohner\/inne\/n, immer ein offenes Ohr und stets das Werkzeug parat.<\/p>\n<p><strong>Wo wohnt M\u00fcnster in Zukunft?<\/strong><br \/>\nWir wollen das Wohnen in M\u00fcnster mit neuen Wohnungen weiter mitgestalten \u2013 daf\u00fcr sind wir immer auf der Suche nach H\u00e4usern und Grundst\u00fccken. Falls Sie Interesse haben, mit uns Wohnprojekte zu verwirklichen, freuen wir uns auf eine Nachricht.<\/p>\n","protected":false},"excerpt":{"rendered":"<p>Damit Wohnw\u00fcnsche Wirklichkeit werden In M\u00fcnster sollte jeder eine Wohnung finden, die zu ihm passt und die bezahlbar &hellip; <\/p>\n<p><a href=\"https:\/\/bauverein-ketteler.de\/_wp2014\/ueber-uns\/\" class=\"more-link\"><span class=\"morelink-icon\">Weiterlesen<\/span><\/a><\/p>\n","protected":false},"author":1,"featured_media":0,"parent":0,"menu_order":0,"comment_status":"closed","ping_status":"closed","template":"","meta":{"footnotes":""},"class_list":["post-84","page","type-page","status-publish","hentry"],"_links":{"self":[{"href":"https:\/\/bauverein-ketteler.de\/_wp2014\/wp-json\/wp\/v2\/pages\/84","targetHints":{"allow":["GET"]}}],"collection":[{"href":"https:\/\/bauverein-ketteler.de\/_wp2014\/wp-json\/wp\/v2\/pages"}],"about":[{"href":"https:\/\/bauverein-ketteler.de\/_wp2014\/wp-json\/wp\/v2\/types\/page"}],"author":[{"embeddable":true,"href":"https:\/\/bauverein-ketteler.de\/_wp2014\/wp-json\/wp\/v2\/users\/1"}],"replies":[{"embeddable":true,"href":"https:\/\/bauverein-ketteler.de\/_wp2014\/wp-json\/wp\/v2\/comments?post=84"}],"version-history":[{"count":26,"href":"https:\/\/bauverein-ketteler.de\/_wp2014\/wp-json\/wp\/v2\/pages\/84\/revisions"}],"predecessor-version":[{"id":2607,"href":"https:\/\/bauverein-ketteler.de\/_wp2014\/wp-json\/wp\/v2\/pages\/84\/revisions\/2607"}],"wp:attachment":[{"href":"https:\/\/bauverein-ketteler.de\/_wp2014\/wp-json\/wp\/v2\/media?parent=84"}],"curies":[{"name":"wp","href":"https:\/\/api.w.org\/{rel}","templated":true}]}}