{"id":86,"date":"2015-03-17T13:19:16","date_gmt":"2015-03-17T11:19:16","guid":{"rendered":"http:\/\/bauverein-ketteler.de\/_wp2014\/?page_id=86"},"modified":"2025-06-30T09:19:06","modified_gmt":"2025-06-30T07:19:06","slug":"daten-fakten","status":"publish","type":"page","link":"https:\/\/bauverein-ketteler.de\/_wp2014\/daten-fakten\/","title":{"rendered":"Daten &#038; Fakten"},"content":{"rendered":"\n<h2 class=\"wp-block-heading\">Bauverein Ketteler eG auf einen Blick<\/h2>\n\n\n\n<p><strong>Demokratisches Prinzip<\/strong><br>Das demokratische Prinzip pr\u00e4gt und tr\u00e4gt alle Genossenschaften, also auch die Bauverein Ketteler eG. Neben der Solidarit\u00e4t eint die Genossenschaften, dass es sich um eine Unternehmensform handelt, bei der sich das Stimmrecht des Einzelnen nicht aus der H\u00f6he seiner Kapitalbeteiligung ableitet.<\/p>\n\n\n\n<p class=\"has-background has-large-font-size\" style=\"background-color:#84c4f0\"><strong>1 Mitglied = 1 Stimme<\/strong><\/p>\n\n\n\n<p><strong>Mitarbeiter<\/strong><br>Die Bauverein Ketteler eG besch\u00e4ftigt zurzeit ein hauptamtliches Vorstandsmitglied, f\u00fcnf kaufm\u00e4nnische Mitarbeiter, zwei technische Mitarbeiter und drei&nbsp;Mitarbeiter im Regiebetrieb. Das hauptamtliche Vorstandsmitglied wird durch zwei nebenamtliche Vorstandsmitglieder unterst\u00fctzt.<\/p>\n\n\n\n<p><strong>Mitglieder<\/strong><br>Am Ende des Jahres 2024 hatte die Bauverein Ketteler eG 1.234 Mitglieder. Diese 1.234 Mitglieder halten insgesamt 1.263 Genossenschaftsanteile. Die Gesch\u00e4ftsguthaben der verbleibenden Mitglieder haben sich im Laufe des Gesch\u00e4ftsjahres um 9.000,00 \u20ac auf 757.800,00 \u20ac erh\u00f6ht. Die Haftsumme<br>betr\u00e4gt: 740.400,00 \u20ac, sie hat sich damit um 6.000,00 \u20ac erh\u00f6ht.<\/p>\n\n\n\n<p><strong>Wohnungen<\/strong><br>Die Bauverein Ketteler eG&nbsp;verf\u00fcgt aktuell \u00fcber 879 Wohnungen. Des weiteren verf\u00fcgt die Genossenschaft \u00fcber 9 gewerbliche Einheiten (davon zwei in Eigennutzung \/ B\u00fcro &amp; <a href=\"https:\/\/bauverein-ketteler.de\/_wp2014\/mitgliedertreff\/\" data-type=\"link\" data-id=\"https:\/\/bauverein-ketteler.de\/_wp2014\/mitgliedertreff\/\">Mitgliedertreff<\/a>) und 212 Garagen, Carports und Einstellpl\u00e4tze.<\/p>\n\n\n\n<p class=\"has-black-color has-text-color has-small-font-size\"><em>(Zahlen &amp; Daten aus dem <\/em><a href=\"https:\/\/bauverein-ketteler.de\/pdf-download\/geschaeftsbericht_2024.pdf\" target=\"_blank\" rel=\"noreferrer noopener\">Gesch\u00e4ftsbericht 2024<\/a><em>, die Daten f\u00fcr das Jahr 2025 erscheinen nach der Mitgliederversammlung 2025 im Jahr 2026)<\/em>.<\/p>\n\n\n\n<p>Unser Stra\u00dfenverzeichnis finden Sie <a href=\"https:\/\/bauverein-ketteler.de\/_wp2014\/strassenverzeichnis\/\">hier<\/a>.<\/p>\n","protected":false},"excerpt":{"rendered":"<p>Bauverein Ketteler eG auf einen Blick Demokratisches PrinzipDas demokratische Prinzip pr\u00e4gt und tr\u00e4gt alle Genossenschaften, also auch die &hellip; <\/p>\n<p><a href=\"https:\/\/bauverein-ketteler.de\/_wp2014\/daten-fakten\/\" class=\"more-link\"><span class=\"morelink-icon\">Weiterlesen<\/span><\/a><\/p>\n","protected":false},"author":1,"featured_media":0,"parent":0,"menu_order":0,"comment_status":"closed","ping_status":"closed","template":"","meta":{"footnotes":""},"class_list":["post-86","page","type-page","status-publish","hentry"],"_links":{"self":[{"href":"https:\/\/bauverein-ketteler.de\/_wp2014\/wp-json\/wp\/v2\/pages\/86","targetHints":{"allow":["GET"]}}],"collection":[{"href":"https:\/\/bauverein-ketteler.de\/_wp2014\/wp-json\/wp\/v2\/pages"}],"about":[{"href":"https:\/\/bauverein-ketteler.de\/_wp2014\/wp-json\/wp\/v2\/types\/page"}],"author":[{"embeddable":true,"href":"https:\/\/bauverein-ketteler.de\/_wp2014\/wp-json\/wp\/v2\/users\/1"}],"replies":[{"embeddable":true,"href":"https:\/\/bauverein-ketteler.de\/_wp2014\/wp-json\/wp\/v2\/comments?post=86"}],"version-history":[{"count":46,"href":"https:\/\/bauverein-ketteler.de\/_wp2014\/wp-json\/wp\/v2\/pages\/86\/revisions"}],"predecessor-version":[{"id":3002,"href":"https:\/\/bauverein-ketteler.de\/_wp2014\/wp-json\/wp\/v2\/pages\/86\/revisions\/3002"}],"wp:attachment":[{"href":"https:\/\/bauverein-ketteler.de\/_wp2014\/wp-json\/wp\/v2\/media?parent=86"}],"curies":[{"name":"wp","href":"https:\/\/api.w.org\/{rel}","templated":true}]}}